{"id":185,"date":"2022-09-09T11:11:35","date_gmt":"2022-09-09T09:11:35","guid":{"rendered":"http:\/\/my2kconsulting.fr\/?page_id=185"},"modified":"2022-10-11T14:37:07","modified_gmt":"2022-10-11T12:37:07","slug":"parcours-d-integration","status":"publish","type":"page","link":"https:\/\/www.my2kconsulting.com\/en\/parcours-d-integration\/","title":{"rendered":"Integration process"},"content":{"rendered":"<section id=\"section-4236b293-c439-40ca-802e-a8fd49aed441\" class=\"wp-block-gutentor-image-slider gutentor-section gutentor-image-slider imageSlider-template1 has-gutentor-block-shape-bottom text-left\"><div class=\"gutentor-grid-item-wrap\"><div class=\"gutentor-slider-wrapper\" data-dots=\"true\" data-arrows=\"true\" data-infinite=\"true\" data-nextarrow=\"fas fa-angle-right\" data-prevarrow=\"fas fa-angle-left\" data-autoplay=\"true\" data-autoplayspeed=\"5000\" data-fade=\"false\" data-speed=\"1500\"><div class=\"gutentor-slider-item\"><div class=\"gutentor-single-item gutentor-single-item-0\"><div class=\"gutentor-single-item-wrap\"><div class=\"gutentor-single-item-image-box\"><div class=\"gutentor-bg-image\"><div class=\"overlay\"><\/div><\/div><\/div><div class=\"gutentor-single-item-content\"><div class=\"grid-container\"><div class=\"slider-caption text-left\"><h2 class=\"gutentor-single-item-title\">Schedule an appointment<\/h2><p class=\"gutentor-single-item-desc\">Would you like to make an appointment? <br>The first consultation is free, lasting 1 hour! <br>So enjoy it! <\/p><a class=\"gutentor-button gutentor-single-item-button gutentor-icon-hide\" href=\"https:\/\/www.my2kconsulting.com\/en\/prendre-rendez-vous\/\"><i class=\"gutentor-button-icon fas fa-book\"><\/i><span>click here<\/span><\/a><\/div><\/div><\/div><\/div><\/div><\/div><div class=\"gutentor-slider-item\"><div class=\"gutentor-single-item gutentor-single-item-1\"><div class=\"gutentor-single-item-wrap\"><div class=\"gutentor-single-item-image-box\"><div class=\"gutentor-bg-image\"><div class=\"overlay\"><\/div><\/div><\/div><div class=\"gutentor-single-item-content\"><div class=\"grid-container\"><div class=\"slider-caption text-left\"><h2 class=\"gutentor-single-item-title\">Your opinion is important to us!<\/h2><p class=\"gutentor-single-item-desc\">N&rsquo;h\u00e9sitez \u00e0 pas \u00e0 nous partager votre avis !<\/p><a class=\"gutentor-button gutentor-single-item-button gutentor-icon-hide\" href=\"https:\/\/www.my2kconsulting.com\/en\/nous-contacter\/\"><i class=\"gutentor-button-icon fas fa-book\"><\/i><span>click here<\/span><\/a><\/div><\/div><\/div><\/div><\/div><\/div><\/div><\/div><div class=\"gutentor-block-shape-bottom\"><span><svg xmlns=\"http:\/\/www.w3.org\/2000\/svg\" viewbox=\"0 0 1000 84.94\" preserveaspectratio=\"none\"><path d=\"M0,0V72.94c14.46,5.89,32.38,10.5,54.52.26,110.25-51,120.51,23.71,192.6-4.3,144.73-56.23,154.37,49.44,246.71,4.64C637,4.05,622.19,124.16,757.29,66.21c93-39.91,108.38,54.92,242.71-8.25V0Z\" style=\"fill-rule:evenodd;opacity:0.33\"><\/path><path d=\"M0,0V52.83c131.11,59.9,147-32.91,239.24,6.65,135.09,58,120.24-62.16,263.46,7.34,92.33,44.8,102-60.88,246.71-4.64,72.1,28,82.35-46.71,192.6,4.3,23.95,11.08,43,4.78,58-1.72V0Z\" style=\"fill-rule:evenodd;opacity:0.66\"><\/path><path d=\"M0,0V24.26c15.6,6.95,35.77,15.41,61.78,3.38,110.25-51,120.51,23.71,192.6-4.3C399.11-32.89,408.75,72.79,501.08,28,644.3-41.51,629.45,78.6,764.54,20.65,855.87-18.53,872.34,72.12,1000,15.7V0Z\" style=\"fill-rule:evenodd\"><\/path><\/svg><\/span><\/div><\/section>\n\n\n\n<section id=\"gm9579dba\" class=\"wp-block-gutentor-m4 section-gm9579dba gutentor-module gutentor-advanced-columns\"><div class=\"grid-container\"><div class=\"grid-row\">\n<div id=\"col-gm7013e3\" class=\"wp-block-gutentor-m4-col col-gm7013e3 gutentor-single-column  grid-lg-12 grid-md-12 grid-12\"><div id=\"section-gm7013e3\" class=\"section-gm7013e3 gutentor-col-wrap has-color-bg has-custom-bg\">\n<div id=\"section-ga4c2ed\" class=\"wp-block-gutentor-e0 section-ga4c2ed gutentor-element gutentor-element-advanced-text text-align-justify-desktop\"><div class=\"gutentor-text-wrap\"><p class=\"gutentor-text translation-block\">You found THE ideal collaborator.\nYou've put so much effort into recruiting it and you want it to fit in perfectly, both in terms of the team and the skills you expect them to have. To do this, you'll need to help it adapt to its new environment and acquire all the skills of its position.<\/p><\/div><\/div>\n<\/div><\/div>\n<\/div><\/div><\/section>\n\n\n\n<section id=\"gmc4f35cf\" class=\"wp-block-gutentor-m4 section-gmc4f35cf gutentor-module gutentor-advanced-columns\"><div class=\"grid-container\"><div class=\"grid-row\">\n<div id=\"col-gm0497da\" class=\"wp-block-gutentor-m4-col col-gm0497da gutentor-single-column  grid-lg-10 grid-md-12 grid-12\"><div id=\"section-gm0497da\" class=\"section-gm0497da gutentor-col-wrap has-color-bg has-custom-bg\">\n<div id=\"section-g3ad731\" class=\"wp-block-gutentor-e0 section-g3ad731 gutentor-element gutentor-element-advanced-text text-align-justify-desktop\"><div class=\"gutentor-text-wrap\"><p class=\"gutentor-text\">When a new employee joins the company, he or she has to adapt to the new work environment, the company's values and objectives. It is not always easy to find your bearings immediately. To help him\/her, My2K Consulting offers an integration program to allow him\/her to master all the parameters of his\/her new position and to reach the expected performances. The implementation of regular evaluations will allow us to measure the gap between the employee's current skills and those desired at the end of his integration. Depending on the gaps, we will set up the necessary training to increase or consolidate the employee's skills. The implementation of the integration process takes place in several stages to ensure its success: appropriation of the position, taking charge and mastering the position. At the end of each stage, an evaluation interview is carried out with the employee's manager.<\/p><\/div><\/div>\n<\/div><\/div>\n\n\n\n<div id=\"col-gmb0502f\" class=\"wp-block-gutentor-m4-col col-gmb0502f gutentor-single-column  grid-lg-2 grid-md-12 grid-12\"><div id=\"section-gmb0502f\" class=\"section-gmb0502f gutentor-col-wrap\">\n<div id=\"section-g7a879a\" class=\"wp-block-gutentor-e6 section-g7a879a gutentor-element gutentor-element-image text-align-center-desktop\"><div class=\"gutentor-element-image-box\"><div class=\"gutentor-image-thumb\"><img decoding=\"async\" class=\"normal-image\" src=\"https:\/\/www.my2kconsulting.com\/wp-content\/uploads\/2022\/10\/AdobeStock_339680606.jpeg\"\/><\/div><\/div><\/div>\n<\/div><\/div>\n<\/div><\/div><\/section>\n\n\n\n<section id=\"gmdb586af\" class=\"wp-block-gutentor-m4 section-gmdb586af gutentor-module gutentor-advanced-columns has-color-bg has-custom-bg\"><div class=\"grid-container\"><div class=\"grid-row\">\n<div id=\"col-gmc83462\" class=\"wp-block-gutentor-m4-col col-gmc83462 gutentor-single-column  grid-lg-12 grid-md-12 grid-12\"><div id=\"section-gmc83462\" class=\"section-gmc83462 gutentor-col-wrap has-color-bg has-custom-bg\">\n<div id=\"section-g978715\" class=\"wp-block-gutentor-e0 section-g978715 gutentor-element gutentor-element-advanced-text\"><div class=\"gutentor-text-wrap\"><h3 class=\"gutentor-text\">Step 1: Ownership<\/h3><\/div><\/div>\n\n\n\n<div id=\"section-g70f24e\" class=\"wp-block-gutentor-e0 section-g70f24e gutentor-element gutentor-element-advanced-text text-align-justify-desktop\"><div class=\"gutentor-text-wrap\"><p class=\"gutentor-text\">The objective is to help the new employee to fit into his new work environment and to take control of his position. Here, we will provide answers to the questions that the new employee may have about the company, how it works, the employees, the partners, the missions, the working conditions, etc. For the success of this step, several actions are essential:<\/p><\/div><\/div>\n\n\n\n<div id=\"section-g6b58fa\" class=\"wp-block-gutentor-e0 section-g6b58fa gutentor-element gutentor-element-advanced-text\"><div class=\"gutentor-text-wrap\"><h6 class=\"gutentor-text\">Welcoming the new employee<\/h6><\/div><\/div>\n\n\n\n<div id=\"section-g3481ce\" class=\"wp-block-gutentor-e0 section-g3481ce gutentor-element gutentor-element-advanced-text\"><div class=\"gutentor-text-wrap\"><p class=\"gutentor-text\">It is important that the manager welcomes his collaborator as soon as he arrives to formalize his integration into the team, to present his position, the practical aspects of the work environment, to give him his roadmap and to launch him on a report of surprise.<\/p><\/div><\/div>\n\n\n\n<div id=\"section-ge01947\" class=\"wp-block-gutentor-e0 section-ge01947 gutentor-element gutentor-element-advanced-text\"><div class=\"gutentor-text-wrap\"><h6 class=\"gutentor-text\">Introduction of the new employee to the team<\/h6><\/div><\/div>\n\n\n\n<div id=\"section-gd5bf8d\" class=\"wp-block-gutentor-e0 section-gd5bf8d gutentor-element gutentor-element-advanced-text\"><div class=\"gutentor-text-wrap\"><p class=\"gutentor-text\">The manager presents it to the team to encourage and facilitate collaboration between peers. The organization chart of the company is given to him to allow him to quickly identify the different interlocutors.<\/p><\/div><\/div>\n\n\n\n<div id=\"section-g6fefde\" class=\"wp-block-gutentor-e0 section-g6fefde gutentor-element gutentor-element-advanced-text\"><div class=\"gutentor-text-wrap\"><h6 class=\"gutentor-text\">Appropriation of the work environment<\/h6><\/div><\/div>\n\n\n\n<div id=\"section-g267d90\" class=\"wp-block-gutentor-e0 section-g267d90 gutentor-element gutentor-element-advanced-text text-align-justify-desktop\"><div class=\"gutentor-text-wrap\"><p class=\"gutentor-text\">Taking up a new position is not always easy. The new employee may have a tendency to compare his or her current position to the previous one. It is important to help them forget the past without denying themselves in order to focus on their new objectives. It is necessary to familiarize the new employee with his or her work environment in its entirety. The manager must present the position, the internal and external contacts, the suppliers, the customers, the competitors...<\/p><\/div><\/div>\n<\/div><\/div>\n<\/div><\/div><\/section>\n\n\n\n<section id=\"gmc910b65\" class=\"wp-block-gutentor-m4 section-gmc910b65 gutentor-module gutentor-advanced-columns\"><div class=\"grid-container\"><div class=\"grid-row\">\n<div id=\"col-gm931c36\" class=\"wp-block-gutentor-m4-col col-gm931c36 gutentor-single-column  grid-lg-6 grid-md-12 grid-12\"><div id=\"section-gm931c36\" class=\"section-gm931c36 gutentor-col-wrap has-color-bg has-custom-bg\">\n<div id=\"section-gd8e1a8\" class=\"wp-block-gutentor-e0 section-gd8e1a8 gutentor-element gutentor-element-advanced-text\"><div class=\"gutentor-text-wrap\"><h3 class=\"gutentor-text\">Step 2: Getting started<\/h3><\/div><\/div>\n\n\n\n<div id=\"section-g137257\" class=\"wp-block-gutentor-e0 section-g137257 gutentor-element gutentor-element-advanced-text text-align-justify-desktop\"><div class=\"gutentor-text-wrap\"><p class=\"gutentor-text\">The new employee starts working and will acquire and master the technical skills related to his position. If a gap between the expected skills and the objectives to be reached is identified, My2K Consulting designs a training plan adapted to meet the expectations of the employee and the company. This training plan aims to provide the employee with the missing skills and to accompany him\/her in his\/her learning process through a personalized and regular follow-up.<\/p><\/div><\/div>\n\n\n\n<div id=\"section-g5e72b3\" class=\"wp-block-gutentor-e0 section-g5e72b3 gutentor-element gutentor-element-advanced-text text-align-justify-desktop\"><div class=\"gutentor-text-wrap\"><p class=\"gutentor-text\">As part of the support provided to new employees, it is imperative that their managers meet with them regularly for progress reviews. These milestones allow the employee's concerns to be addressed and remedied quickly. They can take place in the form of an individual interview.<\/p><\/div><\/div>\n\n\n\n<div id=\"section-g916736\" class=\"wp-block-gutentor-e1 section-g916736 gutentor-element gutentor-element-advanced-text\"><div class=\"gutentor-text-wrap\"><h3 class=\"gutentor-text\">Step 3: Control of the position<\/h3><\/div><\/div>\n\n\n\n<div id=\"section-g2d4c2f\" class=\"wp-block-gutentor-e1 section-g2d4c2f gutentor-element gutentor-element-advanced-text\"><div class=\"gutentor-text-wrap\"><p class=\"gutentor-text\">The objective is to allow the new employee to verify his or her knowledge and to reach the real objectives required by the position. At this level, the employee has an excellent command of his work environment and can even identify a need for skill adjustment. He\/she acquires self-confidence and develops autonomy in his\/her position. We can identify and clarify the level of performance that we consider to be mastery by the employee.<\/p><\/div><\/div>\n<\/div><\/div>\n\n\n\n<div id=\"col-gm304937\" class=\"wp-block-gutentor-m4-col col-gm304937 gutentor-single-column  grid-lg-6 grid-md-12 grid-12\"><div id=\"section-gm304937\" class=\"section-gm304937 gutentor-col-wrap\">\n<div id=\"section-g9fa86e\" class=\"wp-block-gutentor-e6 section-g9fa86e gutentor-element gutentor-element-image\"><div class=\"gutentor-element-image-box\"><div class=\"gutentor-image-thumb\"><img decoding=\"async\" class=\"normal-image\" src=\"https:\/\/www.my2kconsulting.com\/wp-content\/uploads\/2022\/10\/AdobeStock_374360544-683x1024.jpeg\" alt=\"homme debout\"\/><\/div><\/div><\/div>\n<\/div><\/div>\n<\/div><\/div><\/section>\n\n\n\n<div id=\"section-g533ef5\" class=\"wp-block-gutentor-m12 section-g533ef5 gutentor-module gutentor-module-quote\"><\/div>\n\n\n\n<section id=\"section-02d94059-91b3-4928-b0ae-1a000a5b93ec\" class=\"wp-block-gutentor-call-to-action gutentor-section  gutentor-calltoaction call-to-action-template3 has-image-bg has-custom-bg has-gutentor-overlay text-left\"><div class=\"grid-container\"><div class=\"gutentor-grid-item-wrap\"><div class=\"gutentor-single-item\"><div class=\"gutentor-single-item-content\"><h2 class=\"gutentor-single-item-title\">You want to use our services? <\/h2><div class=\"gutentor-single-item-desc\"><p class=\"gutentor-single-item-desc\">Nothing could be easier! Simply make an appointment with us. <br>We will then take stock of all your needs. <\/p><\/div><div class=\"gutentor-button-group\"><a class=\"gutentor-button gutentor-single-item-button gutentor-icon-hide\" href=\"#\" target=\"_blank\" rel=\"https:\/\/www.my2kconsulting.com\/nous-contacter\/ noopener\"><i class=\"gutentor-button-icon fas fa-book\"><\/i><span>Contact us<\/span><\/a><\/div><\/div><\/div><\/div><\/div><\/section>","protected":false},"excerpt":{"rendered":"","protected":false},"author":1,"featured_media":0,"parent":0,"menu_order":0,"comment_status":"closed","ping_status":"closed","template":"template-gutentor-full-width.php","meta":{"footnotes":""},"class_list":["post-185","page","type-page","status-publish","hentry"],"yoast_head":"<!-- This site is optimized with the Yoast SEO plugin v27.4 - https:\/\/yoast.com\/product\/yoast-seo-wordpress\/ -->\n<title>Parcours d&#039;int\u00e9gration - My2K Consulting<\/title>\n<meta name=\"description\" content=\"MY2K Consulting propose un parcours d\u2019int\u00e9gration pour lui permettre d&#039;atteindre les performances attendues.\" \/>\n<meta name=\"robots\" content=\"index, follow, max-snippet:-1, max-image-preview:large, max-video-preview:-1\" \/>\n<link rel=\"canonical\" href=\"https:\/\/www.my2kconsulting.com\/en\/parcours-d-integration\/\" \/>\n<meta property=\"og:locale\" content=\"en_US\" \/>\n<meta property=\"og:type\" content=\"article\" \/>\n<meta property=\"og:title\" content=\"Parcours d&#039;int\u00e9gration - My2K Consulting\" \/>\n<meta property=\"og:description\" content=\"MY2K Consulting propose un parcours d\u2019int\u00e9gration pour lui permettre d&#039;atteindre les performances attendues.\" \/>\n<meta property=\"og:url\" content=\"https:\/\/www.my2kconsulting.com\/en\/parcours-d-integration\/\" \/>\n<meta property=\"og:site_name\" content=\"My2K Consulting\" \/>\n<meta property=\"article:modified_time\" content=\"2022-10-11T12:37:07+00:00\" \/>\n<meta property=\"og:image\" content=\"https:\/\/www.my2kconsulting.com\/wp-content\/uploads\/2022\/10\/AdobeStock_339680606.jpeg\" \/>\n<meta name=\"twitter:card\" content=\"summary_large_image\" \/>\n<meta name=\"twitter:label1\" content=\"Est. reading time\" \/>\n\t<meta name=\"twitter:data1\" content=\"4 minutes\" \/>\n<script type=\"application\/ld+json\" class=\"yoast-schema-graph\">{\"@context\":\"https:\\\/\\\/schema.org\",\"@graph\":[{\"@type\":\"WebPage\",\"@id\":\"https:\\\/\\\/www.my2kconsulting.com\\\/parcours-d-integration\\\/\",\"url\":\"https:\\\/\\\/www.my2kconsulting.com\\\/parcours-d-integration\\\/\",\"name\":\"Parcours d'int\u00e9gration - My2K Consulting\",\"isPartOf\":{\"@id\":\"https:\\\/\\\/www.my2kconsulting.com\\\/#website\"},\"primaryImageOfPage\":{\"@id\":\"https:\\\/\\\/www.my2kconsulting.com\\\/parcours-d-integration\\\/#primaryimage\"},\"image\":{\"@id\":\"https:\\\/\\\/www.my2kconsulting.com\\\/parcours-d-integration\\\/#primaryimage\"},\"thumbnailUrl\":\"https:\\\/\\\/www.my2kconsulting.com\\\/wp-content\\\/uploads\\\/2022\\\/10\\\/AdobeStock_339680606.jpeg\",\"datePublished\":\"2022-09-09T09:11:35+00:00\",\"dateModified\":\"2022-10-11T12:37:07+00:00\",\"description\":\"MY2K Consulting propose un parcours d\u2019int\u00e9gration pour lui permettre d'atteindre les performances attendues.\",\"breadcrumb\":{\"@id\":\"https:\\\/\\\/www.my2kconsulting.com\\\/parcours-d-integration\\\/#breadcrumb\"},\"inLanguage\":\"en-US\",\"potentialAction\":[{\"@type\":\"ReadAction\",\"target\":[\"https:\\\/\\\/www.my2kconsulting.com\\\/parcours-d-integration\\\/\"]}]},{\"@type\":\"ImageObject\",\"inLanguage\":\"en-US\",\"@id\":\"https:\\\/\\\/www.my2kconsulting.com\\\/parcours-d-integration\\\/#primaryimage\",\"url\":\"https:\\\/\\\/www.my2kconsulting.com\\\/wp-content\\\/uploads\\\/2022\\\/10\\\/AdobeStock_339680606.jpeg\",\"contentUrl\":\"https:\\\/\\\/www.my2kconsulting.com\\\/wp-content\\\/uploads\\\/2022\\\/10\\\/AdobeStock_339680606.jpeg\"},{\"@type\":\"BreadcrumbList\",\"@id\":\"https:\\\/\\\/www.my2kconsulting.com\\\/parcours-d-integration\\\/#breadcrumb\",\"itemListElement\":[{\"@type\":\"ListItem\",\"position\":1,\"name\":\"Accueil\",\"item\":\"https:\\\/\\\/www.my2kconsulting.com\\\/\"},{\"@type\":\"ListItem\",\"position\":2,\"name\":\"Parcours d&rsquo;int\u00e9gration\"}]},{\"@type\":\"WebSite\",\"@id\":\"https:\\\/\\\/www.my2kconsulting.com\\\/#website\",\"url\":\"https:\\\/\\\/www.my2kconsulting.com\\\/\",\"name\":\"My2K Consulting\",\"description\":\"Entreprises et particuliers\",\"publisher\":{\"@id\":\"https:\\\/\\\/www.my2kconsulting.com\\\/#organization\"},\"potentialAction\":[{\"@type\":\"SearchAction\",\"target\":{\"@type\":\"EntryPoint\",\"urlTemplate\":\"https:\\\/\\\/www.my2kconsulting.com\\\/?s={search_term_string}\"},\"query-input\":{\"@type\":\"PropertyValueSpecification\",\"valueRequired\":true,\"valueName\":\"search_term_string\"}}],\"inLanguage\":\"en-US\"},{\"@type\":\"Organization\",\"@id\":\"https:\\\/\\\/www.my2kconsulting.com\\\/#organization\",\"name\":\"My2K Consulting\",\"url\":\"https:\\\/\\\/www.my2kconsulting.com\\\/\",\"logo\":{\"@type\":\"ImageObject\",\"inLanguage\":\"en-US\",\"@id\":\"https:\\\/\\\/www.my2kconsulting.com\\\/#\\\/schema\\\/logo\\\/image\\\/\",\"url\":\"https:\\\/\\\/www.my2kconsulting.com\\\/wp-content\\\/uploads\\\/2022\\\/09\\\/cropped-logochoisi-1.png\",\"contentUrl\":\"https:\\\/\\\/www.my2kconsulting.com\\\/wp-content\\\/uploads\\\/2022\\\/09\\\/cropped-logochoisi-1.png\",\"width\":326,\"height\":99,\"caption\":\"My2K Consulting\"},\"image\":{\"@id\":\"https:\\\/\\\/www.my2kconsulting.com\\\/#\\\/schema\\\/logo\\\/image\\\/\"}}]}<\/script>\n<!-- \/ Yoast SEO plugin. -->","yoast_head_json":{"title":"Parcours d'int\u00e9gration - My2K Consulting","description":"MY2K Consulting propose un parcours d\u2019int\u00e9gration pour lui permettre d'atteindre les performances attendues.","robots":{"index":"index","follow":"follow","max-snippet":"max-snippet:-1","max-image-preview":"max-image-preview:large","max-video-preview":"max-video-preview:-1"},"canonical":"https:\/\/www.my2kconsulting.com\/en\/parcours-d-integration\/","og_locale":"en_US","og_type":"article","og_title":"Parcours d'int\u00e9gration - My2K Consulting","og_description":"MY2K Consulting propose un parcours d\u2019int\u00e9gration pour lui permettre d'atteindre les performances attendues.","og_url":"https:\/\/www.my2kconsulting.com\/en\/parcours-d-integration\/","og_site_name":"My2K Consulting","article_modified_time":"2022-10-11T12:37:07+00:00","og_image":[{"url":"https:\/\/www.my2kconsulting.com\/wp-content\/uploads\/2022\/10\/AdobeStock_339680606.jpeg","type":"","width":"","height":""}],"twitter_card":"summary_large_image","twitter_misc":{"Est. reading time":"4 minutes"},"schema":{"@context":"https:\/\/schema.org","@graph":[{"@type":"WebPage","@id":"https:\/\/www.my2kconsulting.com\/parcours-d-integration\/","url":"https:\/\/www.my2kconsulting.com\/parcours-d-integration\/","name":"Parcours d'int\u00e9gration - My2K Consulting","isPartOf":{"@id":"https:\/\/www.my2kconsulting.com\/#website"},"primaryImageOfPage":{"@id":"https:\/\/www.my2kconsulting.com\/parcours-d-integration\/#primaryimage"},"image":{"@id":"https:\/\/www.my2kconsulting.com\/parcours-d-integration\/#primaryimage"},"thumbnailUrl":"https:\/\/www.my2kconsulting.com\/wp-content\/uploads\/2022\/10\/AdobeStock_339680606.jpeg","datePublished":"2022-09-09T09:11:35+00:00","dateModified":"2022-10-11T12:37:07+00:00","description":"MY2K Consulting propose un parcours d\u2019int\u00e9gration pour lui permettre d'atteindre les performances attendues.","breadcrumb":{"@id":"https:\/\/www.my2kconsulting.com\/parcours-d-integration\/#breadcrumb"},"inLanguage":"en-US","potentialAction":[{"@type":"ReadAction","target":["https:\/\/www.my2kconsulting.com\/parcours-d-integration\/"]}]},{"@type":"ImageObject","inLanguage":"en-US","@id":"https:\/\/www.my2kconsulting.com\/parcours-d-integration\/#primaryimage","url":"https:\/\/www.my2kconsulting.com\/wp-content\/uploads\/2022\/10\/AdobeStock_339680606.jpeg","contentUrl":"https:\/\/www.my2kconsulting.com\/wp-content\/uploads\/2022\/10\/AdobeStock_339680606.jpeg"},{"@type":"BreadcrumbList","@id":"https:\/\/www.my2kconsulting.com\/parcours-d-integration\/#breadcrumb","itemListElement":[{"@type":"ListItem","position":1,"name":"Accueil","item":"https:\/\/www.my2kconsulting.com\/"},{"@type":"ListItem","position":2,"name":"Parcours d&rsquo;int\u00e9gration"}]},{"@type":"WebSite","@id":"https:\/\/www.my2kconsulting.com\/#website","url":"https:\/\/www.my2kconsulting.com\/","name":"My2K Consulting","description":"Entreprises et particuliers","publisher":{"@id":"https:\/\/www.my2kconsulting.com\/#organization"},"potentialAction":[{"@type":"SearchAction","target":{"@type":"EntryPoint","urlTemplate":"https:\/\/www.my2kconsulting.com\/?s={search_term_string}"},"query-input":{"@type":"PropertyValueSpecification","valueRequired":true,"valueName":"search_term_string"}}],"inLanguage":"en-US"},{"@type":"Organization","@id":"https:\/\/www.my2kconsulting.com\/#organization","name":"My2K Consulting","url":"https:\/\/www.my2kconsulting.com\/","logo":{"@type":"ImageObject","inLanguage":"en-US","@id":"https:\/\/www.my2kconsulting.com\/#\/schema\/logo\/image\/","url":"https:\/\/www.my2kconsulting.com\/wp-content\/uploads\/2022\/09\/cropped-logochoisi-1.png","contentUrl":"https:\/\/www.my2kconsulting.com\/wp-content\/uploads\/2022\/09\/cropped-logochoisi-1.png","width":326,"height":99,"caption":"My2K Consulting"},"image":{"@id":"https:\/\/www.my2kconsulting.com\/#\/schema\/logo\/image\/"}}]}},"_links":{"self":[{"href":"https:\/\/www.my2kconsulting.com\/en\/wp-json\/wp\/v2\/pages\/185","targetHints":{"allow":["GET"]}}],"collection":[{"href":"https:\/\/www.my2kconsulting.com\/en\/wp-json\/wp\/v2\/pages"}],"about":[{"href":"https:\/\/www.my2kconsulting.com\/en\/wp-json\/wp\/v2\/types\/page"}],"author":[{"embeddable":true,"href":"https:\/\/www.my2kconsulting.com\/en\/wp-json\/wp\/v2\/users\/1"}],"replies":[{"embeddable":true,"href":"https:\/\/www.my2kconsulting.com\/en\/wp-json\/wp\/v2\/comments?post=185"}],"version-history":[{"count":26,"href":"https:\/\/www.my2kconsulting.com\/en\/wp-json\/wp\/v2\/pages\/185\/revisions"}],"predecessor-version":[{"id":932,"href":"https:\/\/www.my2kconsulting.com\/en\/wp-json\/wp\/v2\/pages\/185\/revisions\/932"}],"wp:attachment":[{"href":"https:\/\/www.my2kconsulting.com\/en\/wp-json\/wp\/v2\/media?parent=185"}],"curies":[{"name":"wp","href":"https:\/\/api.w.org\/{rel}","templated":true}]}}