{"id":177,"date":"2022-09-09T11:10:06","date_gmt":"2022-09-09T09:10:06","guid":{"rendered":"http:\/\/my2kconsulting.fr\/?page_id=177"},"modified":"2022-10-10T11:25:25","modified_gmt":"2022-10-10T09:25:25","slug":"coaching-professionnel-individuel-et-d-equipe","status":"publish","type":"page","link":"https:\/\/www.my2kconsulting.com\/en\/coaching-professionnel-individuel-et-d-equipe\/","title":{"rendered":"Professionnel \u00ab\u00a0individuel et d&rsquo;\u00e9quipe\u00a0\u00bb"},"content":{"rendered":"<section id=\"section-4c6f3424-75ac-4f4b-ba54-cec14637e747\" class=\"wp-block-gutentor-image-slider gutentor-section gutentor-image-slider imageSlider-template1 has-gutentor-block-shape-bottom text-left\"><div class=\"gutentor-grid-item-wrap\"><div class=\"gutentor-slider-wrapper\" data-dots=\"true\" data-arrows=\"true\" data-infinite=\"true\" data-nextarrow=\"fas fa-angle-right\" data-prevarrow=\"fas fa-angle-left\" data-autoplay=\"true\" data-autoplayspeed=\"5000\" data-fade=\"false\" data-speed=\"1500\"><div class=\"gutentor-slider-item\"><div class=\"gutentor-single-item gutentor-single-item-0\"><div class=\"gutentor-single-item-wrap\"><div class=\"gutentor-single-item-image-box\"><div class=\"gutentor-bg-image\"><div class=\"overlay\"><\/div><\/div><\/div><div class=\"gutentor-single-item-content\"><div class=\"grid-container\"><div class=\"slider-caption text-left\"><h2 class=\"gutentor-single-item-title\">MAKE AN APPOINTMENT<\/h2><p class=\"gutentor-single-item-desc\">Would you like to make an appointment? <br>The first consultation is free, lasting 1 hour! <br>So enjoy it! <\/p><a class=\"gutentor-button gutentor-single-item-button gutentor-icon-hide\" href=\"https:\/\/www.my2kconsulting.com\/en\/prendre-rendez-vous\/\"><i class=\"gutentor-button-icon fas fa-book\"><\/i><span>Cliquez ici<\/span><\/a><\/div><\/div><\/div><\/div><\/div><\/div><div class=\"gutentor-slider-item\"><div class=\"gutentor-single-item gutentor-single-item-1\"><div class=\"gutentor-single-item-wrap\"><div class=\"gutentor-single-item-image-box\"><div class=\"gutentor-bg-image\"><div class=\"overlay\"><\/div><\/div><\/div><div class=\"gutentor-single-item-content\"><div class=\"grid-container\"><div class=\"slider-caption text-left\"><h2 class=\"gutentor-single-item-title\">VOTRE AVIS NOUS INTERESSE<\/h2><p class=\"gutentor-single-item-desc\">Don't hesitate to share your opinion with us!<\/p><a class=\"gutentor-button gutentor-single-item-button gutentor-icon-hide\" href=\"https:\/\/www.my2kconsulting.com\/en\/nous-contacter\/\"><i class=\"gutentor-button-icon fas fa-book\"><\/i><span>Cliquez ici<\/span><\/a><\/div><\/div><\/div><\/div><\/div><\/div><\/div><\/div><div class=\"gutentor-block-shape-bottom\"><span><svg xmlns=\"http:\/\/www.w3.org\/2000\/svg\" viewbox=\"0 0 1000 84.94\" preserveaspectratio=\"none\"><path d=\"M0,0V72.94c14.46,5.89,32.38,10.5,54.52.26,110.25-51,120.51,23.71,192.6-4.3,144.73-56.23,154.37,49.44,246.71,4.64C637,4.05,622.19,124.16,757.29,66.21c93-39.91,108.38,54.92,242.71-8.25V0Z\" style=\"fill-rule:evenodd;opacity:0.33\"><\/path><path d=\"M0,0V52.83c131.11,59.9,147-32.91,239.24,6.65,135.09,58,120.24-62.16,263.46,7.34,92.33,44.8,102-60.88,246.71-4.64,72.1,28,82.35-46.71,192.6,4.3,23.95,11.08,43,4.78,58-1.72V0Z\" style=\"fill-rule:evenodd;opacity:0.66\"><\/path><path d=\"M0,0V24.26c15.6,6.95,35.77,15.41,61.78,3.38,110.25-51,120.51,23.71,192.6-4.3C399.11-32.89,408.75,72.79,501.08,28,644.3-41.51,629.45,78.6,764.54,20.65,855.87-18.53,872.34,72.12,1000,15.7V0Z\" style=\"fill-rule:evenodd\"><\/path><\/svg><\/span><\/div><\/section>\n\n\n\n<section id=\"gm1137602\" class=\"wp-block-gutentor-m4 section-gm1137602 gutentor-module gutentor-advanced-columns\"><div class=\"grid-container\"><div class=\"grid-row\">\n<div id=\"col-gmbf39e5\" class=\"wp-block-gutentor-m4-col col-gmbf39e5 gutentor-single-column  grid-lg-12 grid-md-12 grid-12\"><div id=\"section-gmbf39e5\" class=\"section-gmbf39e5 gutentor-col-wrap\">\n<div id=\"section-gf96028\" class=\"wp-block-gutentor-e0 section-gf96028 gutentor-element gutentor-element-advanced-text\"><div class=\"gutentor-text-wrap\"><h2 class=\"gutentor-text\">Coaching professionnel \u00ab&nbsp;un partenariat de r\u00e9ussite&nbsp;\u00bb<\/h2><\/div><\/div>\n<\/div><\/div>\n<\/div><\/div><\/section>\n\n\n\n<section id=\"gm2b177e2\" class=\"wp-block-gutentor-m4 section-gm2b177e2 gutentor-module gutentor-advanced-columns has-color-bg has-custom-bg\"><div class=\"grid-container\"><div class=\"grid-row\">\n<div id=\"col-gmaaf856\" class=\"wp-block-gutentor-m4-col col-gmaaf856 gutentor-single-column  grid-lg-9 grid-md-12 grid-12\"><div id=\"section-gmaaf856\" class=\"section-gmaaf856 gutentor-col-wrap has-color-bg has-custom-bg\">\n<div id=\"section-g48bf16\" class=\"wp-block-gutentor-e0 section-g48bf16 gutentor-element gutentor-element-advanced-text text-align-justify-desktop\"><div class=\"gutentor-text-wrap\"><p class=\"gutentor-text\">Professional coaching is a tool for optimizing skills and postures adapted to employees to better integrate into a professional environment. It concerns each individual (man or woman) confronted with one or more problematic professional situations during his or her career, or simply a desire to change jobs.<br>When faced with a problematic professional situation, deciding to be coached means choosing to have a neutral, objective and professional outside viewpoint to resolve the problem. It is to seek support to find the means and the keys to identify the project that corresponds to you and responds to the constraints of the job market while continuing to flourish in your professional environment. Depending on your professional aspirations, professional coaching will allow you to analyze your needs, aptitudes and experience for a professional evolution ambition.<\/p><\/div><\/div>\n\n\n\n<div id=\"section-g3e4abd\" class=\"wp-block-gutentor-e1 section-g3e4abd gutentor-element gutentor-element-advanced-text text-align-justify-desktop\"><div class=\"gutentor-text-wrap\"><p class=\"gutentor-text\">Professional coaching helps you define a SMART (specific, measurable, acceptable, realistic) objective and the means to achieve it, step by step. Professional coaching, which can be individual or in a group, accompanies you through any change. It helps you find or rediscover a new challenger according to your abilities and aspirations. It allows you to develop your potential, to increase your legitimacy and to improve your management, leadership and communication.<\/p><\/div><\/div>\n<\/div><\/div>\n\n\n\n<div id=\"col-gmcbd8c2\" class=\"wp-block-gutentor-m4-col col-gmcbd8c2 gutentor-single-column  grid-lg-3 grid-md-12 grid-12\"><div id=\"section-gmcbd8c2\" class=\"section-gmcbd8c2 gutentor-col-wrap\">\n<div id=\"section-g6dedda\" class=\"wp-block-gutentor-e6 section-g6dedda gutentor-element gutentor-element-image\"><div class=\"gutentor-element-image-box\"><div class=\"gutentor-image-thumb\"><img decoding=\"async\" class=\"normal-image\" src=\"https:\/\/www.my2kconsulting.com\/wp-content\/uploads\/2022\/10\/AdobeStock_339768341.jpeg\" srcset=\"https:\/\/www.my2kconsulting.com\/wp-content\/uploads\/2022\/10\/AdobeStock_339768341.jpeg 2x\"\/><\/div><\/div><\/div>\n<\/div><\/div>\n<\/div><\/div><\/section>\n\n\n\n<section id=\"gm67d3d60\" class=\"wp-block-gutentor-m4 section-gm67d3d60 gutentor-module gutentor-advanced-columns\"><div class=\"grid-container\"><div class=\"grid-row\">\n<div id=\"col-gmce9ba5\" class=\"wp-block-gutentor-m4-col col-gmce9ba5 gutentor-single-column  grid-lg-12 grid-md-12 grid-12\"><div id=\"section-gmce9ba5\" class=\"section-gmce9ba5 gutentor-col-wrap has-color-bg has-custom-bg\">\n<div id=\"section-g8baa0e\" class=\"wp-block-gutentor-e1 section-g8baa0e gutentor-element gutentor-element-advanced-text text-align-center-desktop\"><div class=\"gutentor-text-wrap\"><h2 class=\"gutentor-text\">Coaching professionnel, pour qui\u00a0?<\/h2><\/div><\/div>\n\n\n\n<div id=\"section-gff007d\" class=\"wp-block-gutentor-e0 section-gff007d gutentor-element gutentor-element-advanced-text text-align-justify-desktop\"><div class=\"gutentor-text-wrap\"><p class=\"gutentor-text\"><br>This coaching is for you if you are :<br><br>\u25cf Team Leader<br>\u25cf Managers and executives<br>\u25cf Future leaders<br>\u25cf Management teams<br>\u25cf Liberal professions<br><br>MY2k Consulting intervenes at the level that corresponds to your professional environment, your expectations and needs. To meet your aspirations, we offer coaching that adapts to the person, your values and your personal and collective goals:<\/p><\/div><\/div>\n\n\n\n<div id=\"section-gbc9a58\" class=\"wp-block-gutentor-e1 section-gbc9a58 gutentor-element gutentor-element-advanced-text\"><div class=\"gutentor-text-wrap\"><p class=\"gutentor-text\">\u25cf <strong>Executive Coaching<\/strong> to help you carry out your function by taking into account all the factors of the company: human, strategic....<br>\u25cf <strong>Management Coaching<\/strong>\u00a0for team management. This coaching allows you to better manage group phenomena and to work on the achievement of objectives and the development of skills and potential.<br>\u25cf <strong>Coaching focused on individual relationships<\/strong>\u00a0<strong>in a company<\/strong> to allow each individual within the company to adapt to the employees for professional development and for the prosperity of the company.<br>\u25cf <strong>Person-centered coaching<\/strong>\u00a0to help them identify their potential and develop it to reach their personal and professional goals.<br><br>We offer you a :<br><br>\u25cf Individual coaching<br>\u25cf Team coaching, team-building<br>\u25cf Strategic Coaching<br>\u25cf Accompanying the change<br>\u25cf Project coaching<br>\u25cf Assistance in developing your coaching policy<\/p><\/div><\/div>\n<\/div><\/div>\n<\/div><\/div><\/section>\n\n\n\n<section id=\"section-c1fc9616-81db-41d3-8748-c418c485fd21\" class=\"wp-block-gutentor-call-to-action gutentor-section  gutentor-calltoaction call-to-action-template3 has-image-bg has-custom-bg has-gutentor-overlay text-left\"><div class=\"grid-container\"><div class=\"gutentor-grid-item-wrap\"><div class=\"gutentor-single-item\"><div class=\"gutentor-single-item-content\"><h2 class=\"gutentor-single-item-title\">You want to use our services? <\/h2><div class=\"gutentor-single-item-desc\"><p class=\"gutentor-single-item-desc\">Nothing could be easier! Simply make an appointment with us. <br>We will then take stock of all your needs. <\/p><\/div><div class=\"gutentor-button-group\"><a class=\"gutentor-button gutentor-single-item-button gutentor-icon-hide\" href=\"#\" target=\"_blank\" rel=\"https:\/\/www.my2kconsulting.com\/nous-contacter\/ noopener\"><i class=\"gutentor-button-icon fas fa-book\"><\/i><span>Contact us<\/span><\/a><\/div><\/div><\/div><\/div><\/div><\/section>","protected":false},"excerpt":{"rendered":"","protected":false},"author":1,"featured_media":0,"parent":0,"menu_order":0,"comment_status":"closed","ping_status":"closed","template":"template-gutentor-full-width.php","meta":{"footnotes":""},"class_list":["post-177","page","type-page","status-publish","hentry"],"yoast_head":"<!-- This site is optimized with the Yoast SEO plugin v27.4 - https:\/\/yoast.com\/product\/yoast-seo-wordpress\/ -->\n<title>Professionnel &quot;individuel et d&#039;\u00e9quipe&quot; - My2K Consulting<\/title>\n<meta name=\"description\" content=\"Le coaching professionnel c\u2019est outil d\u2019optimisation des comp\u00e9tences et postures adapt\u00e9 aux salari\u00e9s pour mieux s\u2019int\u00e9grer.\" \/>\n<meta name=\"robots\" content=\"index, follow, max-snippet:-1, max-image-preview:large, max-video-preview:-1\" \/>\n<link rel=\"canonical\" href=\"https:\/\/www.my2kconsulting.com\/en\/coaching-professionnel-individuel-et-d-equipe\/\" \/>\n<meta property=\"og:locale\" content=\"en_US\" \/>\n<meta property=\"og:type\" content=\"article\" \/>\n<meta property=\"og:title\" content=\"Professionnel &quot;individuel et d&#039;\u00e9quipe&quot; - My2K Consulting\" \/>\n<meta property=\"og:description\" content=\"Le coaching professionnel c\u2019est outil d\u2019optimisation des comp\u00e9tences et postures adapt\u00e9 aux salari\u00e9s pour mieux s\u2019int\u00e9grer.\" \/>\n<meta property=\"og:url\" content=\"https:\/\/www.my2kconsulting.com\/en\/coaching-professionnel-individuel-et-d-equipe\/\" \/>\n<meta property=\"og:site_name\" content=\"My2K Consulting\" \/>\n<meta property=\"article:modified_time\" content=\"2022-10-10T09:25:25+00:00\" \/>\n<meta property=\"og:image\" content=\"https:\/\/www.my2kconsulting.com\/wp-content\/uploads\/2022\/10\/AdobeStock_339768341.jpeg\" \/>\n<meta name=\"twitter:card\" content=\"summary_large_image\" \/>\n<meta name=\"twitter:label1\" content=\"Est. reading time\" \/>\n\t<meta name=\"twitter:data1\" content=\"3 minutes\" \/>\n<script type=\"application\/ld+json\" class=\"yoast-schema-graph\">{\"@context\":\"https:\\\/\\\/schema.org\",\"@graph\":[{\"@type\":\"WebPage\",\"@id\":\"https:\\\/\\\/www.my2kconsulting.com\\\/coaching-professionnel-individuel-et-d-equipe\\\/\",\"url\":\"https:\\\/\\\/www.my2kconsulting.com\\\/coaching-professionnel-individuel-et-d-equipe\\\/\",\"name\":\"Professionnel \\\"individuel et d'\u00e9quipe\\\" - My2K Consulting\",\"isPartOf\":{\"@id\":\"https:\\\/\\\/www.my2kconsulting.com\\\/#website\"},\"primaryImageOfPage\":{\"@id\":\"https:\\\/\\\/www.my2kconsulting.com\\\/coaching-professionnel-individuel-et-d-equipe\\\/#primaryimage\"},\"image\":{\"@id\":\"https:\\\/\\\/www.my2kconsulting.com\\\/coaching-professionnel-individuel-et-d-equipe\\\/#primaryimage\"},\"thumbnailUrl\":\"https:\\\/\\\/www.my2kconsulting.com\\\/wp-content\\\/uploads\\\/2022\\\/10\\\/AdobeStock_339768341.jpeg\",\"datePublished\":\"2022-09-09T09:10:06+00:00\",\"dateModified\":\"2022-10-10T09:25:25+00:00\",\"description\":\"Le coaching professionnel c\u2019est outil d\u2019optimisation des comp\u00e9tences et postures adapt\u00e9 aux salari\u00e9s pour mieux s\u2019int\u00e9grer.\",\"breadcrumb\":{\"@id\":\"https:\\\/\\\/www.my2kconsulting.com\\\/coaching-professionnel-individuel-et-d-equipe\\\/#breadcrumb\"},\"inLanguage\":\"en-US\",\"potentialAction\":[{\"@type\":\"ReadAction\",\"target\":[\"https:\\\/\\\/www.my2kconsulting.com\\\/coaching-professionnel-individuel-et-d-equipe\\\/\"]}]},{\"@type\":\"ImageObject\",\"inLanguage\":\"en-US\",\"@id\":\"https:\\\/\\\/www.my2kconsulting.com\\\/coaching-professionnel-individuel-et-d-equipe\\\/#primaryimage\",\"url\":\"https:\\\/\\\/www.my2kconsulting.com\\\/wp-content\\\/uploads\\\/2022\\\/10\\\/AdobeStock_339768341.jpeg\",\"contentUrl\":\"https:\\\/\\\/www.my2kconsulting.com\\\/wp-content\\\/uploads\\\/2022\\\/10\\\/AdobeStock_339768341.jpeg\"},{\"@type\":\"BreadcrumbList\",\"@id\":\"https:\\\/\\\/www.my2kconsulting.com\\\/coaching-professionnel-individuel-et-d-equipe\\\/#breadcrumb\",\"itemListElement\":[{\"@type\":\"ListItem\",\"position\":1,\"name\":\"Accueil\",\"item\":\"https:\\\/\\\/www.my2kconsulting.com\\\/\"},{\"@type\":\"ListItem\",\"position\":2,\"name\":\"Professionnel \u00ab\u00a0individuel et d&rsquo;\u00e9quipe\u00a0\u00bb\"}]},{\"@type\":\"WebSite\",\"@id\":\"https:\\\/\\\/www.my2kconsulting.com\\\/#website\",\"url\":\"https:\\\/\\\/www.my2kconsulting.com\\\/\",\"name\":\"My2K Consulting\",\"description\":\"Entreprises et particuliers\",\"publisher\":{\"@id\":\"https:\\\/\\\/www.my2kconsulting.com\\\/#organization\"},\"potentialAction\":[{\"@type\":\"SearchAction\",\"target\":{\"@type\":\"EntryPoint\",\"urlTemplate\":\"https:\\\/\\\/www.my2kconsulting.com\\\/?s={search_term_string}\"},\"query-input\":{\"@type\":\"PropertyValueSpecification\",\"valueRequired\":true,\"valueName\":\"search_term_string\"}}],\"inLanguage\":\"en-US\"},{\"@type\":\"Organization\",\"@id\":\"https:\\\/\\\/www.my2kconsulting.com\\\/#organization\",\"name\":\"My2K Consulting\",\"url\":\"https:\\\/\\\/www.my2kconsulting.com\\\/\",\"logo\":{\"@type\":\"ImageObject\",\"inLanguage\":\"en-US\",\"@id\":\"https:\\\/\\\/www.my2kconsulting.com\\\/#\\\/schema\\\/logo\\\/image\\\/\",\"url\":\"https:\\\/\\\/www.my2kconsulting.com\\\/wp-content\\\/uploads\\\/2022\\\/09\\\/cropped-logochoisi-1.png\",\"contentUrl\":\"https:\\\/\\\/www.my2kconsulting.com\\\/wp-content\\\/uploads\\\/2022\\\/09\\\/cropped-logochoisi-1.png\",\"width\":326,\"height\":99,\"caption\":\"My2K Consulting\"},\"image\":{\"@id\":\"https:\\\/\\\/www.my2kconsulting.com\\\/#\\\/schema\\\/logo\\\/image\\\/\"}}]}<\/script>\n<!-- \/ Yoast SEO plugin. -->","yoast_head_json":{"title":"Professionnel \"individuel et d'\u00e9quipe\" - My2K Consulting","description":"Le coaching professionnel c\u2019est outil d\u2019optimisation des comp\u00e9tences et postures adapt\u00e9 aux salari\u00e9s pour mieux s\u2019int\u00e9grer.","robots":{"index":"index","follow":"follow","max-snippet":"max-snippet:-1","max-image-preview":"max-image-preview:large","max-video-preview":"max-video-preview:-1"},"canonical":"https:\/\/www.my2kconsulting.com\/en\/coaching-professionnel-individuel-et-d-equipe\/","og_locale":"en_US","og_type":"article","og_title":"Professionnel \"individuel et d'\u00e9quipe\" - My2K Consulting","og_description":"Le coaching professionnel c\u2019est outil d\u2019optimisation des comp\u00e9tences et postures adapt\u00e9 aux salari\u00e9s pour mieux s\u2019int\u00e9grer.","og_url":"https:\/\/www.my2kconsulting.com\/en\/coaching-professionnel-individuel-et-d-equipe\/","og_site_name":"My2K Consulting","article_modified_time":"2022-10-10T09:25:25+00:00","og_image":[{"url":"https:\/\/www.my2kconsulting.com\/wp-content\/uploads\/2022\/10\/AdobeStock_339768341.jpeg","type":"","width":"","height":""}],"twitter_card":"summary_large_image","twitter_misc":{"Est. reading time":"3 minutes"},"schema":{"@context":"https:\/\/schema.org","@graph":[{"@type":"WebPage","@id":"https:\/\/www.my2kconsulting.com\/coaching-professionnel-individuel-et-d-equipe\/","url":"https:\/\/www.my2kconsulting.com\/coaching-professionnel-individuel-et-d-equipe\/","name":"Professionnel \"individuel et d'\u00e9quipe\" - My2K Consulting","isPartOf":{"@id":"https:\/\/www.my2kconsulting.com\/#website"},"primaryImageOfPage":{"@id":"https:\/\/www.my2kconsulting.com\/coaching-professionnel-individuel-et-d-equipe\/#primaryimage"},"image":{"@id":"https:\/\/www.my2kconsulting.com\/coaching-professionnel-individuel-et-d-equipe\/#primaryimage"},"thumbnailUrl":"https:\/\/www.my2kconsulting.com\/wp-content\/uploads\/2022\/10\/AdobeStock_339768341.jpeg","datePublished":"2022-09-09T09:10:06+00:00","dateModified":"2022-10-10T09:25:25+00:00","description":"Le coaching professionnel c\u2019est outil d\u2019optimisation des comp\u00e9tences et postures adapt\u00e9 aux salari\u00e9s pour mieux s\u2019int\u00e9grer.","breadcrumb":{"@id":"https:\/\/www.my2kconsulting.com\/coaching-professionnel-individuel-et-d-equipe\/#breadcrumb"},"inLanguage":"en-US","potentialAction":[{"@type":"ReadAction","target":["https:\/\/www.my2kconsulting.com\/coaching-professionnel-individuel-et-d-equipe\/"]}]},{"@type":"ImageObject","inLanguage":"en-US","@id":"https:\/\/www.my2kconsulting.com\/coaching-professionnel-individuel-et-d-equipe\/#primaryimage","url":"https:\/\/www.my2kconsulting.com\/wp-content\/uploads\/2022\/10\/AdobeStock_339768341.jpeg","contentUrl":"https:\/\/www.my2kconsulting.com\/wp-content\/uploads\/2022\/10\/AdobeStock_339768341.jpeg"},{"@type":"BreadcrumbList","@id":"https:\/\/www.my2kconsulting.com\/coaching-professionnel-individuel-et-d-equipe\/#breadcrumb","itemListElement":[{"@type":"ListItem","position":1,"name":"Accueil","item":"https:\/\/www.my2kconsulting.com\/"},{"@type":"ListItem","position":2,"name":"Professionnel \u00ab\u00a0individuel et d&rsquo;\u00e9quipe\u00a0\u00bb"}]},{"@type":"WebSite","@id":"https:\/\/www.my2kconsulting.com\/#website","url":"https:\/\/www.my2kconsulting.com\/","name":"My2K Consulting","description":"Entreprises et particuliers","publisher":{"@id":"https:\/\/www.my2kconsulting.com\/#organization"},"potentialAction":[{"@type":"SearchAction","target":{"@type":"EntryPoint","urlTemplate":"https:\/\/www.my2kconsulting.com\/?s={search_term_string}"},"query-input":{"@type":"PropertyValueSpecification","valueRequired":true,"valueName":"search_term_string"}}],"inLanguage":"en-US"},{"@type":"Organization","@id":"https:\/\/www.my2kconsulting.com\/#organization","name":"My2K Consulting","url":"https:\/\/www.my2kconsulting.com\/","logo":{"@type":"ImageObject","inLanguage":"en-US","@id":"https:\/\/www.my2kconsulting.com\/#\/schema\/logo\/image\/","url":"https:\/\/www.my2kconsulting.com\/wp-content\/uploads\/2022\/09\/cropped-logochoisi-1.png","contentUrl":"https:\/\/www.my2kconsulting.com\/wp-content\/uploads\/2022\/09\/cropped-logochoisi-1.png","width":326,"height":99,"caption":"My2K Consulting"},"image":{"@id":"https:\/\/www.my2kconsulting.com\/#\/schema\/logo\/image\/"}}]}},"_links":{"self":[{"href":"https:\/\/www.my2kconsulting.com\/en\/wp-json\/wp\/v2\/pages\/177","targetHints":{"allow":["GET"]}}],"collection":[{"href":"https:\/\/www.my2kconsulting.com\/en\/wp-json\/wp\/v2\/pages"}],"about":[{"href":"https:\/\/www.my2kconsulting.com\/en\/wp-json\/wp\/v2\/types\/page"}],"author":[{"embeddable":true,"href":"https:\/\/www.my2kconsulting.com\/en\/wp-json\/wp\/v2\/users\/1"}],"replies":[{"embeddable":true,"href":"https:\/\/www.my2kconsulting.com\/en\/wp-json\/wp\/v2\/comments?post=177"}],"version-history":[{"count":31,"href":"https:\/\/www.my2kconsulting.com\/en\/wp-json\/wp\/v2\/pages\/177\/revisions"}],"predecessor-version":[{"id":885,"href":"https:\/\/www.my2kconsulting.com\/en\/wp-json\/wp\/v2\/pages\/177\/revisions\/885"}],"wp:attachment":[{"href":"https:\/\/www.my2kconsulting.com\/en\/wp-json\/wp\/v2\/media?parent=177"}],"curies":[{"name":"wp","href":"https:\/\/api.w.org\/{rel}","templated":true}]}}