{"id":167,"date":"2022-09-09T11:07:56","date_gmt":"2022-09-09T09:07:56","guid":{"rendered":"http:\/\/my2kconsulting.fr\/?page_id=167"},"modified":"2022-10-10T15:29:37","modified_gmt":"2022-10-10T13:29:37","slug":"developpement-des-competences","status":"publish","type":"page","link":"https:\/\/www.my2kconsulting.com\/en\/developpement-des-competences\/","title":{"rendered":"Skills development"},"content":{"rendered":"<section id=\"section-e37d2ca4-a621-47f8-a32e-3a984be76d7e\" class=\"wp-block-gutentor-image-slider gutentor-section gutentor-image-slider imageSlider-template1 has-gutentor-block-shape-bottom text-left\"><div class=\"gutentor-grid-item-wrap\"><div class=\"gutentor-slider-wrapper\" data-dots=\"true\" data-arrows=\"true\" data-infinite=\"true\" data-nextarrow=\"fas fa-angle-right\" data-prevarrow=\"fas fa-angle-left\" data-autoplay=\"true\" data-autoplayspeed=\"5000\" data-fade=\"false\" data-speed=\"1500\"><div class=\"gutentor-slider-item\"><div class=\"gutentor-single-item gutentor-single-item-0\"><div class=\"gutentor-single-item-wrap\"><div class=\"gutentor-single-item-image-box\"><div class=\"gutentor-bg-image\"><div class=\"overlay\"><\/div><\/div><\/div><div class=\"gutentor-single-item-content\"><div class=\"grid-container\"><div class=\"slider-caption text-left\"><h2 class=\"gutentor-single-item-title\">MAKE AN APPOINTMENT<\/h2><p class=\"gutentor-single-item-desc\">Would you like to make an appointment? <br>The first consultation is free, lasting 1 hour! <br>So enjoy it! <\/p><a class=\"gutentor-button gutentor-single-item-button gutentor-icon-hide\" href=\"https:\/\/www.my2kconsulting.com\/en\/prendre-rendez-vous\/\"><i class=\"gutentor-button-icon fas fa-book\"><\/i><span>click here <\/span><\/a><\/div><\/div><\/div><\/div><\/div><\/div><div class=\"gutentor-slider-item\"><div class=\"gutentor-single-item gutentor-single-item-1\"><div class=\"gutentor-single-item-wrap\"><div class=\"gutentor-single-item-image-box\"><div class=\"gutentor-bg-image\"><div class=\"overlay\"><\/div><\/div><\/div><div class=\"gutentor-single-item-content\"><div class=\"grid-container\"><div class=\"slider-caption text-left\"><h2 class=\"gutentor-single-item-title\">Your opinion is important to us!<\/h2><p class=\"gutentor-single-item-desc\">N&rsquo;h\u00e9sitez pas \u00e0 nous donner votre avis !<\/p><a class=\"gutentor-button gutentor-single-item-button gutentor-icon-hide\" href=\"https:\/\/www.my2kconsulting.com\/en\/nous-contacter\/\"><i class=\"gutentor-button-icon fas fa-book\"><\/i><span>click here<\/span><\/a><\/div><\/div><\/div><\/div><\/div><\/div><\/div><\/div><div class=\"gutentor-block-shape-bottom\"><span><svg xmlns=\"http:\/\/www.w3.org\/2000\/svg\" viewbox=\"0 0 1000 84.94\" preserveaspectratio=\"none\"><path d=\"M0,0V72.94c14.46,5.89,32.38,10.5,54.52.26,110.25-51,120.51,23.71,192.6-4.3,144.73-56.23,154.37,49.44,246.71,4.64C637,4.05,622.19,124.16,757.29,66.21c93-39.91,108.38,54.92,242.71-8.25V0Z\" style=\"fill-rule:evenodd;opacity:0.33\"><\/path><path d=\"M0,0V52.83c131.11,59.9,147-32.91,239.24,6.65,135.09,58,120.24-62.16,263.46,7.34,92.33,44.8,102-60.88,246.71-4.64,72.1,28,82.35-46.71,192.6,4.3,23.95,11.08,43,4.78,58-1.72V0Z\" style=\"fill-rule:evenodd;opacity:0.66\"><\/path><path d=\"M0,0V24.26c15.6,6.95,35.77,15.41,61.78,3.38,110.25-51,120.51,23.71,192.6-4.3C399.11-32.89,408.75,72.79,501.08,28,644.3-41.51,629.45,78.6,764.54,20.65,855.87-18.53,872.34,72.12,1000,15.7V0Z\" style=\"fill-rule:evenodd\"><\/path><\/svg><\/span><\/div><\/section>\n\n\n\n<section id=\"gm530ae71\" class=\"wp-block-gutentor-m4 section-gm530ae71 gutentor-module gutentor-advanced-columns\"><div class=\"grid-container\"><div class=\"grid-row\">\n<div id=\"col-gm51faf9\" class=\"wp-block-gutentor-m4-col col-gm51faf9 gutentor-single-column  grid-lg-12 grid-md-12 grid-12\"><div id=\"section-gm51faf9\" class=\"section-gm51faf9 gutentor-col-wrap\">\n<section id=\"gm1f5c278\" class=\"wp-block-gutentor-m4 section-gm1f5c278 gutentor-module gutentor-advanced-columns\"><div class=\"grid-container\"><div class=\"grid-row\">\n<div id=\"col-gm2c72a7\" class=\"wp-block-gutentor-m4-col col-gm2c72a7 gutentor-single-column  grid-lg-12 grid-md-12 grid-12\"><div id=\"section-gm2c72a7\" class=\"section-gm2c72a7 gutentor-col-wrap\">\n<div id=\"section-g8db518\" class=\"wp-block-gutentor-e0 section-g8db518 gutentor-element gutentor-element-advanced-text text-align-center-desktop\"><div class=\"gutentor-text-wrap\"><h1 class=\"gutentor-text\">Training engineering for skills development<\/h1><\/div><\/div>\n<\/div><\/div>\n<\/div><\/div><\/section>\n\n\n\n<div id=\"section-gdb0b93\" class=\"wp-block-gutentor-e0 section-gdb0b93 gutentor-element gutentor-element-advanced-text text-align-justify-desktop\"><div class=\"gutentor-text-wrap\"><p class=\"gutentor-text\">Training engineering is a set of methodical and coherent approaches that are implemented in the design of training actions or training systems to effectively achieve the desired objective. It is particularly interested in the development of skills to meet a desired demand. Training engineering includes the methods and practices of analyzing the demand and needs for training; the design of a training project; the definition of the methods and means to be implemented; the coordination and follow-up of the training; the evaluation of the training as well as the modes of validation envisaged.<br><br>The development of skills consists in acquiring, updating or perfecting the knowledge, know-how and interpersonal skills necessary to carry out their missions within the company and evolve in their professional environment.<\/p><\/div><\/div>\n<\/div><\/div>\n<\/div><\/div><\/section>\n\n\n\n<section id=\"gm1727717\" class=\"wp-block-gutentor-m4 section-gm1727717 gutentor-module gutentor-advanced-columns\"><div class=\"grid-container\"><div class=\"grid-row\">\n<div id=\"col-gm66a006\" class=\"wp-block-gutentor-m4-col col-gm66a006 gutentor-single-column  grid-lg-12 grid-md-12 grid-12\"><div id=\"section-gm66a006\" class=\"section-gm66a006 gutentor-col-wrap\">\n<div id=\"section-g3d153d\" class=\"wp-block-gutentor-e0 section-g3d153d gutentor-element gutentor-element-advanced-text\"><div class=\"gutentor-text-wrap\"><h2 class=\"gutentor-text\">Development of professional skills \"Guarantee of success\"<\/h2><\/div><\/div>\n\n\n\n<div id=\"section-gd9dab4\" class=\"wp-block-gutentor-e0 section-gd9dab4 gutentor-element gutentor-element-advanced-text\"><div class=\"gutentor-text-wrap\"><p class=\"gutentor-text\">You are a company and you wish to invest in the development of your employees' skills to optimize their individual or global performance. By focusing on the development of your team, you increase their efficiency and motivation, which will have a positive impact on the profitability of your company.<br><br>The development of skills concerns all employees within a company, regardless of their level and position, because it aims to :<br><br>\u25cf Increase professional efficiency<br>\u25cf Develop managerial skills<br>\u25cf Expand your skills to improve your performance<\/p><\/div><\/div>\n\n\n\n<div id=\"section-ga9f66d\" class=\"wp-block-gutentor-e0 section-ga9f66d gutentor-element gutentor-element-advanced-text\"><div class=\"gutentor-text-wrap\"><p class=\"gutentor-text translation-block\">Your employees are the driving force of your company and it is essential to ensure their professional development, which also includes developing their skills so that they can flourish within your company. Investing in their skills is a guarantee of\nprosperity for your company and your employees. This is done in particular through training, which is a key component of the MJS (management of jobs and skills). You wish to develop the relational, organizational, specific or strategic skills of your employees, from a needs analysis, My2K Consulting accompanies you by setting up training engineering that will meet your expectations.<\/p><\/div><\/div>\n<\/div><\/div>\n<\/div><\/div><\/section>\n\n\n\n<div id=\"section-gdaefb7\" class=\"wp-block-gutentor-m12 section-gdaefb7 gutentor-module gutentor-module-quote\"><\/div>\n\n\n\n<section id=\"gm7f52c39\" class=\"wp-block-gutentor-m4 section-gm7f52c39 gutentor-module gutentor-advanced-columns\"><div class=\"grid-container\"><div class=\"grid-row\">\n<div id=\"col-gmf19af8\" class=\"wp-block-gutentor-m4-col col-gmf19af8 gutentor-single-column  grid-lg-12 grid-md-12 grid-12\"><div id=\"section-gmf19af8\" class=\"section-gmf19af8 gutentor-col-wrap\">\n<div id=\"section-g52fe78\" class=\"wp-block-gutentor-e0 section-g52fe78 gutentor-element gutentor-element-advanced-text\"><div class=\"gutentor-text-wrap\"><h2 class=\"gutentor-text\">The four steps of your training engineering process \"Implementation \"<\/h2><\/div><\/div>\n\n\n\n<div id=\"section-gffe2a7\" class=\"wp-block-gutentor-e0 section-gffe2a7 gutentor-element gutentor-element-advanced-text text-align-justify-desktop\"><div class=\"gutentor-text-wrap\"><p class=\"gutentor-text\">My2k Consulting implements the entirety of your training engineering to ensure the increase in skills of your employees by respecting the different stages which are: defining the training needs, designing a training project, piloting and leading the training action.<\/p><\/div><\/div>\n\n\n\n<div id=\"section-g2b3bb3\" class=\"wp-block-gutentor-e0 section-g2b3bb3 gutentor-element gutentor-element-advanced-text\"><div class=\"gutentor-text-wrap\"><h3 class=\"gutentor-text\">Step 1: Analyze training needs and demand<\/h3><\/div><\/div>\n\n\n\n<div id=\"section-g69f29a\" class=\"wp-block-gutentor-e0 section-g69f29a gutentor-element gutentor-element-advanced-text text-align-justify-desktop\"><div class=\"gutentor-text-wrap\"><p class=\"gutentor-text\">This first step consists of analyzing the training needs and their context. These needs are often the result of a gap that exists between the employees' skills and the objectives defined by the general management, the human resources department and the actual skills assessed by the company. The objective is therefore to reduce or even eliminate this gap. This stage is based on a certain number of approaches such as: evaluation of current skills, questioning, interviews, surveys, information gathering, exchanges and confrontation of opinions. At the end of this phase, a diagnosis and recommendations are made. They lead to precise specifications, which specify the target people, the objectives of the training, its content, the planned evaluation method, but also the related time and budget constraints.<\/p><\/div><\/div>\n\n\n\n<div id=\"section-g0bb2ae\" class=\"wp-block-gutentor-e0 section-g0bb2ae gutentor-element gutentor-element-advanced-text\"><div class=\"gutentor-text-wrap\"><h3 class=\"gutentor-text\">Step 2: Design the training devices<\/h3><\/div><\/div>\n\n\n\n<div id=\"section-gac71ed\" class=\"wp-block-gutentor-e0 section-gac71ed gutentor-element gutentor-element-advanced-text text-align-justify-desktop\"><div class=\"gutentor-text-wrap\"><p class=\"gutentor-text translation-block\">This second step allows the creation and formalization of adequate training actions and the selection of the necessary pedagogical training tools. This phase will allow us to establish a link between what is desired (the objectives of the training defined in the specifications) and what can be achieved. My2K Consulting will rely on many tools such as the job description, the company's missions and objectives, the skills repositories, the specifications, the provisional budget, the training plan and any type of documentation that can provide the necessary information documentation that can provide the necessary information to design your training actions. Several major players in the company are involved during this phase, including financial and accounting managers.<\/p><\/div><\/div>\n\n\n\n<div id=\"section-gc70e2b\" class=\"wp-block-gutentor-e0 section-gc70e2b gutentor-element gutentor-element-advanced-text\"><div class=\"gutentor-text-wrap\"><h3 class=\"gutentor-text\">Step 3: Implement and manage the training plan<\/h3><\/div><\/div>\n\n\n\n<div id=\"section-g799b15\" class=\"wp-block-gutentor-e0 section-g799b15 gutentor-element gutentor-element-advanced-text text-align-justify-desktop\"><div class=\"gutentor-text-wrap\"><p class=\"gutentor-text\">This third step is the very heart of the project since it consists in animating and managing the training action that will allow your employees to acquire new skills. My2K Consulting pilots the training plan, supervises the animation of the training sessions and coordinates the participants. The implementation of the training actions is done in the respect of the company's culture, its functioning and its working environment. At the end of the training session, My2K Consulting follows up on all the training actions and devices with your employees and trainers.<\/p><\/div><\/div>\n\n\n\n<div id=\"section-g4624d4\" class=\"wp-block-gutentor-e0 section-g4624d4 gutentor-element gutentor-element-advanced-text\"><div class=\"gutentor-text-wrap\"><h3 class=\"gutentor-text\">Step 4: Evaluate the training actions<\/h3><\/div><\/div>\n\n\n\n<div id=\"section-g76a242\" class=\"wp-block-gutentor-e0 section-g76a242 gutentor-element gutentor-element-advanced-text text-align-justify-desktop\"><div class=\"gutentor-text-wrap\"><p class=\"gutentor-text\">The evaluation is a very important step, because it allows to evaluate the training actions carried out. It will focus on the plan and the training policy undertaken by the company. It allows to measure the gaps between the objectives and the results obtained by the training action and to check the adequacy between the needs and the validation of the acquired knowledge by your employees. At this level, corrective actions will be implemented in order to improve the training policy. The evaluation will focus on the training actions, the trainers, your employees and My2k Consulting. The evaluation of the training project can be focused for example on the adequacy between the training action, the company's objectives and the level of expertise of the learners.<\/p><\/div><\/div>\n<\/div><\/div>\n<\/div><\/div><\/section>\n\n\n\n<section id=\"gm246759a\" class=\"wp-block-gutentor-m4 section-gm246759a gutentor-module gutentor-advanced-columns\"><div class=\"grid-container\"><div class=\"grid-row\">\n<div id=\"col-gmf55c1d\" class=\"wp-block-gutentor-m4-col col-gmf55c1d gutentor-single-column  grid-lg-12 grid-md-12 grid-12\"><div id=\"section-gmf55c1d\" class=\"section-gmf55c1d gutentor-col-wrap\">\n<div id=\"section-g6a190c\" class=\"wp-block-gutentor-e6 section-g6a190c gutentor-element gutentor-element-image\"><div class=\"gutentor-element-image-box\"><div class=\"gutentor-image-thumb\"><img decoding=\"async\" class=\"normal-image\" src=\"https:\/\/www.my2kconsulting.com\/wp-content\/uploads\/2022\/10\/AdobeStock_356355346.jpg\"\/><\/div><\/div><\/div>\n<\/div><\/div>\n<\/div><\/div><\/section>\n\n\n\n<section id=\"section-352461bc-fb74-4740-92e6-9e1da65b6541\" class=\"wp-block-gutentor-call-to-action gutentor-section  gutentor-calltoaction call-to-action-template3 has-image-bg has-custom-bg has-gutentor-overlay text-left\"><div class=\"grid-container\"><div class=\"gutentor-grid-item-wrap\"><div class=\"gutentor-single-item\"><div class=\"gutentor-single-item-content\"><h2 class=\"gutentor-single-item-title\">You want to use our services? <\/h2><div class=\"gutentor-single-item-desc\"><p class=\"gutentor-single-item-desc\">Nothing could be easier! Simply make an appointment with us. <br>We will then take stock of all your needs. <\/p><\/div><div class=\"gutentor-button-group\"><a class=\"gutentor-button gutentor-single-item-button gutentor-icon-hide\" href=\"#\" target=\"_blank\" rel=\"https:\/\/www.my2kconsulting.com\/nous-contacter\/ noopener\"><i class=\"gutentor-button-icon fas fa-book\"><\/i><span>Contact us<\/span><\/a><\/div><\/div><\/div><\/div><\/div><\/section>","protected":false},"excerpt":{"rendered":"","protected":false},"author":1,"featured_media":0,"parent":0,"menu_order":0,"comment_status":"closed","ping_status":"closed","template":"template-gutentor-full-width.php","meta":{"footnotes":""},"class_list":["post-167","page","type-page","status-publish","hentry"],"yoast_head":"<!-- This site is optimized with the Yoast SEO plugin v27.4 - https:\/\/yoast.com\/product\/yoast-seo-wordpress\/ -->\n<title>D\u00e9veloppement des comp\u00e9tences - My2K Consulting<\/title>\n<meta name=\"description\" content=\"D\u00e9veloppement des comp\u00e9tences n\u00e9cessaires pour exercer leurs missions au sein de l\u2019entreprise et \u00e9voluer dans l&#039;environnement professionnel.\" \/>\n<meta name=\"robots\" content=\"index, follow, max-snippet:-1, max-image-preview:large, max-video-preview:-1\" \/>\n<link rel=\"canonical\" href=\"https:\/\/www.my2kconsulting.com\/en\/developpement-des-competences\/\" \/>\n<meta property=\"og:locale\" content=\"en_US\" \/>\n<meta property=\"og:type\" content=\"article\" \/>\n<meta property=\"og:title\" content=\"D\u00e9veloppement des comp\u00e9tences - My2K Consulting\" \/>\n<meta property=\"og:description\" content=\"D\u00e9veloppement des comp\u00e9tences n\u00e9cessaires pour exercer leurs missions au sein de l\u2019entreprise et \u00e9voluer dans l&#039;environnement professionnel.\" \/>\n<meta property=\"og:url\" content=\"https:\/\/www.my2kconsulting.com\/en\/developpement-des-competences\/\" \/>\n<meta property=\"og:site_name\" content=\"My2K Consulting\" \/>\n<meta property=\"article:modified_time\" content=\"2022-10-10T13:29:37+00:00\" \/>\n<meta property=\"og:image\" content=\"https:\/\/www.my2kconsulting.com\/wp-content\/uploads\/2022\/10\/AdobeStock_356355346.jpg\" \/>\n<meta name=\"twitter:card\" content=\"summary_large_image\" \/>\n<meta name=\"twitter:label1\" content=\"Est. reading time\" \/>\n\t<meta name=\"twitter:data1\" content=\"6 minutes\" \/>\n<script type=\"application\/ld+json\" class=\"yoast-schema-graph\">{\"@context\":\"https:\\\/\\\/schema.org\",\"@graph\":[{\"@type\":\"WebPage\",\"@id\":\"https:\\\/\\\/www.my2kconsulting.com\\\/developpement-des-competences\\\/\",\"url\":\"https:\\\/\\\/www.my2kconsulting.com\\\/developpement-des-competences\\\/\",\"name\":\"D\u00e9veloppement des comp\u00e9tences - My2K Consulting\",\"isPartOf\":{\"@id\":\"https:\\\/\\\/www.my2kconsulting.com\\\/#website\"},\"primaryImageOfPage\":{\"@id\":\"https:\\\/\\\/www.my2kconsulting.com\\\/developpement-des-competences\\\/#primaryimage\"},\"image\":{\"@id\":\"https:\\\/\\\/www.my2kconsulting.com\\\/developpement-des-competences\\\/#primaryimage\"},\"thumbnailUrl\":\"https:\\\/\\\/www.my2kconsulting.com\\\/wp-content\\\/uploads\\\/2022\\\/10\\\/AdobeStock_356355346.jpg\",\"datePublished\":\"2022-09-09T09:07:56+00:00\",\"dateModified\":\"2022-10-10T13:29:37+00:00\",\"description\":\"D\u00e9veloppement des comp\u00e9tences n\u00e9cessaires pour exercer leurs missions au sein de l\u2019entreprise et \u00e9voluer dans l'environnement professionnel.\",\"breadcrumb\":{\"@id\":\"https:\\\/\\\/www.my2kconsulting.com\\\/developpement-des-competences\\\/#breadcrumb\"},\"inLanguage\":\"en-US\",\"potentialAction\":[{\"@type\":\"ReadAction\",\"target\":[\"https:\\\/\\\/www.my2kconsulting.com\\\/developpement-des-competences\\\/\"]}]},{\"@type\":\"ImageObject\",\"inLanguage\":\"en-US\",\"@id\":\"https:\\\/\\\/www.my2kconsulting.com\\\/developpement-des-competences\\\/#primaryimage\",\"url\":\"https:\\\/\\\/www.my2kconsulting.com\\\/wp-content\\\/uploads\\\/2022\\\/10\\\/AdobeStock_356355346.jpg\",\"contentUrl\":\"https:\\\/\\\/www.my2kconsulting.com\\\/wp-content\\\/uploads\\\/2022\\\/10\\\/AdobeStock_356355346.jpg\"},{\"@type\":\"BreadcrumbList\",\"@id\":\"https:\\\/\\\/www.my2kconsulting.com\\\/developpement-des-competences\\\/#breadcrumb\",\"itemListElement\":[{\"@type\":\"ListItem\",\"position\":1,\"name\":\"Accueil\",\"item\":\"https:\\\/\\\/www.my2kconsulting.com\\\/\"},{\"@type\":\"ListItem\",\"position\":2,\"name\":\"D\u00e9veloppement des comp\u00e9tences\"}]},{\"@type\":\"WebSite\",\"@id\":\"https:\\\/\\\/www.my2kconsulting.com\\\/#website\",\"url\":\"https:\\\/\\\/www.my2kconsulting.com\\\/\",\"name\":\"My2K Consulting\",\"description\":\"Entreprises et particuliers\",\"publisher\":{\"@id\":\"https:\\\/\\\/www.my2kconsulting.com\\\/#organization\"},\"potentialAction\":[{\"@type\":\"SearchAction\",\"target\":{\"@type\":\"EntryPoint\",\"urlTemplate\":\"https:\\\/\\\/www.my2kconsulting.com\\\/?s={search_term_string}\"},\"query-input\":{\"@type\":\"PropertyValueSpecification\",\"valueRequired\":true,\"valueName\":\"search_term_string\"}}],\"inLanguage\":\"en-US\"},{\"@type\":\"Organization\",\"@id\":\"https:\\\/\\\/www.my2kconsulting.com\\\/#organization\",\"name\":\"My2K Consulting\",\"url\":\"https:\\\/\\\/www.my2kconsulting.com\\\/\",\"logo\":{\"@type\":\"ImageObject\",\"inLanguage\":\"en-US\",\"@id\":\"https:\\\/\\\/www.my2kconsulting.com\\\/#\\\/schema\\\/logo\\\/image\\\/\",\"url\":\"https:\\\/\\\/www.my2kconsulting.com\\\/wp-content\\\/uploads\\\/2022\\\/09\\\/cropped-logochoisi-1.png\",\"contentUrl\":\"https:\\\/\\\/www.my2kconsulting.com\\\/wp-content\\\/uploads\\\/2022\\\/09\\\/cropped-logochoisi-1.png\",\"width\":326,\"height\":99,\"caption\":\"My2K Consulting\"},\"image\":{\"@id\":\"https:\\\/\\\/www.my2kconsulting.com\\\/#\\\/schema\\\/logo\\\/image\\\/\"}}]}<\/script>\n<!-- \/ Yoast SEO plugin. -->","yoast_head_json":{"title":"D\u00e9veloppement des comp\u00e9tences - My2K Consulting","description":"D\u00e9veloppement des comp\u00e9tences n\u00e9cessaires pour exercer leurs missions au sein de l\u2019entreprise et \u00e9voluer dans l'environnement professionnel.","robots":{"index":"index","follow":"follow","max-snippet":"max-snippet:-1","max-image-preview":"max-image-preview:large","max-video-preview":"max-video-preview:-1"},"canonical":"https:\/\/www.my2kconsulting.com\/en\/developpement-des-competences\/","og_locale":"en_US","og_type":"article","og_title":"D\u00e9veloppement des comp\u00e9tences - My2K Consulting","og_description":"D\u00e9veloppement des comp\u00e9tences n\u00e9cessaires pour exercer leurs missions au sein de l\u2019entreprise et \u00e9voluer dans l'environnement professionnel.","og_url":"https:\/\/www.my2kconsulting.com\/en\/developpement-des-competences\/","og_site_name":"My2K Consulting","article_modified_time":"2022-10-10T13:29:37+00:00","og_image":[{"url":"https:\/\/www.my2kconsulting.com\/wp-content\/uploads\/2022\/10\/AdobeStock_356355346.jpg","type":"","width":"","height":""}],"twitter_card":"summary_large_image","twitter_misc":{"Est. reading time":"6 minutes"},"schema":{"@context":"https:\/\/schema.org","@graph":[{"@type":"WebPage","@id":"https:\/\/www.my2kconsulting.com\/developpement-des-competences\/","url":"https:\/\/www.my2kconsulting.com\/developpement-des-competences\/","name":"D\u00e9veloppement des comp\u00e9tences - My2K Consulting","isPartOf":{"@id":"https:\/\/www.my2kconsulting.com\/#website"},"primaryImageOfPage":{"@id":"https:\/\/www.my2kconsulting.com\/developpement-des-competences\/#primaryimage"},"image":{"@id":"https:\/\/www.my2kconsulting.com\/developpement-des-competences\/#primaryimage"},"thumbnailUrl":"https:\/\/www.my2kconsulting.com\/wp-content\/uploads\/2022\/10\/AdobeStock_356355346.jpg","datePublished":"2022-09-09T09:07:56+00:00","dateModified":"2022-10-10T13:29:37+00:00","description":"D\u00e9veloppement des comp\u00e9tences n\u00e9cessaires pour exercer leurs missions au sein de l\u2019entreprise et \u00e9voluer dans l'environnement professionnel.","breadcrumb":{"@id":"https:\/\/www.my2kconsulting.com\/developpement-des-competences\/#breadcrumb"},"inLanguage":"en-US","potentialAction":[{"@type":"ReadAction","target":["https:\/\/www.my2kconsulting.com\/developpement-des-competences\/"]}]},{"@type":"ImageObject","inLanguage":"en-US","@id":"https:\/\/www.my2kconsulting.com\/developpement-des-competences\/#primaryimage","url":"https:\/\/www.my2kconsulting.com\/wp-content\/uploads\/2022\/10\/AdobeStock_356355346.jpg","contentUrl":"https:\/\/www.my2kconsulting.com\/wp-content\/uploads\/2022\/10\/AdobeStock_356355346.jpg"},{"@type":"BreadcrumbList","@id":"https:\/\/www.my2kconsulting.com\/developpement-des-competences\/#breadcrumb","itemListElement":[{"@type":"ListItem","position":1,"name":"Accueil","item":"https:\/\/www.my2kconsulting.com\/"},{"@type":"ListItem","position":2,"name":"D\u00e9veloppement des comp\u00e9tences"}]},{"@type":"WebSite","@id":"https:\/\/www.my2kconsulting.com\/#website","url":"https:\/\/www.my2kconsulting.com\/","name":"My2K Consulting","description":"Entreprises et particuliers","publisher":{"@id":"https:\/\/www.my2kconsulting.com\/#organization"},"potentialAction":[{"@type":"SearchAction","target":{"@type":"EntryPoint","urlTemplate":"https:\/\/www.my2kconsulting.com\/?s={search_term_string}"},"query-input":{"@type":"PropertyValueSpecification","valueRequired":true,"valueName":"search_term_string"}}],"inLanguage":"en-US"},{"@type":"Organization","@id":"https:\/\/www.my2kconsulting.com\/#organization","name":"My2K Consulting","url":"https:\/\/www.my2kconsulting.com\/","logo":{"@type":"ImageObject","inLanguage":"en-US","@id":"https:\/\/www.my2kconsulting.com\/#\/schema\/logo\/image\/","url":"https:\/\/www.my2kconsulting.com\/wp-content\/uploads\/2022\/09\/cropped-logochoisi-1.png","contentUrl":"https:\/\/www.my2kconsulting.com\/wp-content\/uploads\/2022\/09\/cropped-logochoisi-1.png","width":326,"height":99,"caption":"My2K Consulting"},"image":{"@id":"https:\/\/www.my2kconsulting.com\/#\/schema\/logo\/image\/"}}]}},"_links":{"self":[{"href":"https:\/\/www.my2kconsulting.com\/en\/wp-json\/wp\/v2\/pages\/167","targetHints":{"allow":["GET"]}}],"collection":[{"href":"https:\/\/www.my2kconsulting.com\/en\/wp-json\/wp\/v2\/pages"}],"about":[{"href":"https:\/\/www.my2kconsulting.com\/en\/wp-json\/wp\/v2\/types\/page"}],"author":[{"embeddable":true,"href":"https:\/\/www.my2kconsulting.com\/en\/wp-json\/wp\/v2\/users\/1"}],"replies":[{"embeddable":true,"href":"https:\/\/www.my2kconsulting.com\/en\/wp-json\/wp\/v2\/comments?post=167"}],"version-history":[{"count":24,"href":"https:\/\/www.my2kconsulting.com\/en\/wp-json\/wp\/v2\/pages\/167\/revisions"}],"predecessor-version":[{"id":898,"href":"https:\/\/www.my2kconsulting.com\/en\/wp-json\/wp\/v2\/pages\/167\/revisions\/898"}],"wp:attachment":[{"href":"https:\/\/www.my2kconsulting.com\/en\/wp-json\/wp\/v2\/media?parent=167"}],"curies":[{"name":"wp","href":"https:\/\/api.w.org\/{rel}","templated":true}]}}