{"id":120,"date":"2019-09-16T09:25:46","date_gmt":"2019-09-16T07:25:46","guid":{"rendered":"https:\/\/www.demo.cosmoswp.com\/demo-1\/?page_id=92"},"modified":"2022-11-24T20:24:33","modified_gmt":"2022-11-24T19:24:33","slug":"accueil","status":"publish","type":"page","link":"https:\/\/www.my2kconsulting.com\/en\/","title":{"rendered":"Accueil"},"content":{"rendered":"<section id=\"section-20d3c0c2-6a3e-4af1-8602-6280d39bc540\" class=\"wp-block-gutentor-image-slider gutentor-section gutentor-image-slider imageSlider-template1 has-gutentor-block-shape-bottom text-left\"><div class=\"gutentor-grid-item-wrap\"><div class=\"gutentor-slider-wrapper\" data-dots=\"true\" data-arrows=\"true\" data-infinite=\"true\" data-nextarrow=\"fas fa-angle-right\" data-prevarrow=\"fas fa-angle-left\" data-autoplay=\"true\" data-autoplayspeed=\"5000\" data-fade=\"false\" data-speed=\"1500\"><div class=\"gutentor-slider-item\"><div class=\"gutentor-single-item gutentor-single-item-0\"><div class=\"gutentor-single-item-wrap\"><div class=\"gutentor-single-item-image-box\"><div class=\"gutentor-bg-image\"><div class=\"overlay\"><\/div><\/div><\/div><div class=\"gutentor-single-item-content\"><div class=\"grid-container\"><div class=\"slider-caption text-left\"><h2 class=\"gutentor-single-item-title\">MAKE AN APPOINTMENT<\/h2><p class=\"gutentor-single-item-desc\"><strong>Would you like to make an appointment? <br>The first consultation is free, lasting 1 hour! <br>So enjoy it! <\/strong><\/p><a class=\"gutentor-button gutentor-single-item-button gutentor-icon-hide\" href=\"https:\/\/www.my2kconsulting.com\/en\/prendre-rendez-vous\/\"><i class=\"gutentor-button-icon fas fa-book\"><\/i><span>Cliquez ici<\/span><\/a><\/div><\/div><\/div><\/div><\/div><\/div><div class=\"gutentor-slider-item\"><div class=\"gutentor-single-item gutentor-single-item-1\"><div class=\"gutentor-single-item-wrap\"><div class=\"gutentor-single-item-image-box\"><div class=\"gutentor-bg-image\"><div class=\"overlay\"><\/div><\/div><\/div><div class=\"gutentor-single-item-content\"><div class=\"grid-container\"><div class=\"slider-caption text-left\"><h2 class=\"gutentor-single-item-title\">Your opinion is important to us!<\/h2><p class=\"gutentor-single-item-desc\"><strong>Don't hesitate to share your opinion with us!<\/strong><\/p><a class=\"gutentor-button gutentor-single-item-button gutentor-icon-hide\" href=\"https:\/\/www.my2kconsulting.com\/en\/nous-contacter\/\"><i class=\"gutentor-button-icon fas fa-book\"><\/i><span>Cliquez ici<\/span><\/a><\/div><\/div><\/div><\/div><\/div><\/div><\/div><\/div><div class=\"gutentor-block-shape-bottom\"><span><svg xmlns=\"http:\/\/www.w3.org\/2000\/svg\" viewbox=\"0 0 1000 84.94\" preserveaspectratio=\"none\"><path d=\"M0,0V72.94c14.46,5.89,32.38,10.5,54.52.26,110.25-51,120.51,23.71,192.6-4.3,144.73-56.23,154.37,49.44,246.71,4.64C637,4.05,622.19,124.16,757.29,66.21c93-39.91,108.38,54.92,242.71-8.25V0Z\" style=\"fill-rule:evenodd;opacity:0.33\"><\/path><path d=\"M0,0V52.83c131.11,59.9,147-32.91,239.24,6.65,135.09,58,120.24-62.16,263.46,7.34,92.33,44.8,102-60.88,246.71-4.64,72.1,28,82.35-46.71,192.6,4.3,23.95,11.08,43,4.78,58-1.72V0Z\" style=\"fill-rule:evenodd;opacity:0.66\"><\/path><path d=\"M0,0V24.26c15.6,6.95,35.77,15.41,61.78,3.38,110.25-51,120.51,23.71,192.6-4.3C399.11-32.89,408.75,72.79,501.08,28,644.3-41.51,629.45,78.6,764.54,20.65,855.87-18.53,872.34,72.12,1000,15.7V0Z\" style=\"fill-rule:evenodd\"><\/path><\/svg><\/span><\/div><\/section>\n\n\n\n<section id=\"gmb4281f9\" class=\"wp-block-gutentor-m4 section-gmb4281f9 gutentor-module gutentor-advanced-columns has-color-bg has-custom-bg\"><div class=\"grid-container\"><div class=\"grid-row\">\n<div id=\"col-gm0ba69a\" class=\"wp-block-gutentor-m4-col col-gm0ba69a gutentor-single-column  grid-lg-9 grid-md-12 grid-12\"><div id=\"section-gm0ba69a\" class=\"section-gm0ba69a gutentor-col-wrap\">\n<div id=\"section-g4de4e4\" class=\"wp-block-gutentor-e1 section-g4de4e4 gutentor-element gutentor-element-advanced-text text-align-justify-desktop\"><div class=\"gutentor-text-wrap\"><p class=\"gutentor-text\"><br><br>Ing\u00e9nieure de formation et coach certifi\u00e9e en d\u00e9veloppement personnel, Naomie LILIE KAMGA est passionn\u00e9e par l\u2019\u00e9panouissement personnel et professionnel, la mont\u00e9e en comp\u00e9tences et la gestion des emplois et carri\u00e8res.<\/p><\/div><\/div>\n<\/div><\/div>\n\n\n\n<div id=\"col-gm224b7b\" class=\"wp-block-gutentor-m4-col col-gm224b7b gutentor-single-column  grid-lg-3 grid-md-12 grid-12\"><div id=\"section-gm224b7b\" class=\"section-gm224b7b gutentor-col-wrap\">\n<div id=\"section-g424d98\" class=\"wp-block-gutentor-e6 section-g424d98 gutentor-element gutentor-element-image\"><div class=\"gutentor-element-image-box\"><div class=\"gutentor-image-thumb\"><img decoding=\"async\" class=\"normal-image\" src=\"https:\/\/www.my2kconsulting.com\/wp-content\/uploads\/2022\/10\/IMG-20221003-WA0004-287x300.png\" alt=\"Naomie Lilie Kamga\" srcset=\"https:\/\/www.my2kconsulting.com\/wp-content\/uploads\/2022\/10\/IMG-20221003-WA0004.png 2x\"\/><\/div><\/div><\/div>\n<\/div><\/div>\n<\/div><\/div><\/section>\n\n\n\n<section id=\"section-36dac182-3663-4097-8908-94e0372a3553\" class=\"wp-block-gutentor-icon-box gutentor-section gutentor-icon-wrapper icon-template2 has-color-bg has-custom-bg text-left\"><div class=\"grid-container\"><div class=\"grid-row gutentor-grid-item-wrap\"><div class=\"gutentor-grid-column grid-lg-4 grid-md-4 grid-12\"><div class=\"gutentor-single-item gutentor-icon gutentor-single-item-0\"><div class=\"gutentor-single-item-wrap\"><div class=\"gutentor-single-item-icon-box\"><i class=\"far fa-lightbulb\"><\/i><\/div><div class=\"gutentor-single-item-content\"><h4 class=\"gutentor-single-item-title\">Coaching <\/h4><p class=\"gutentor-single-item-desc\">We offer several choices of coaching, solutions adapted to your needs to better accompany you in your personal and\/or professional project.<\/p><\/div><\/div><\/div><\/div><div class=\"gutentor-grid-column grid-lg-4 grid-md-4 grid-12\"><div class=\"gutentor-single-item gutentor-icon gutentor-single-item-1\"><div class=\"gutentor-single-item-wrap\"><div class=\"gutentor-single-item-icon-box\"><i class=\"fas fa-hands-helping\"><\/i><\/div><div class=\"gutentor-single-item-content\"><h4 class=\"gutentor-single-item-title\">Training engineering<\/h4><p class=\"gutentor-single-item-desc\">We apply the fundamentals of training engineering, from needs analysis to specifications for the design of your training systems.<\/p><\/div><\/div><\/div><\/div><div class=\"gutentor-grid-column grid-lg-4 grid-md-4 grid-12\"><div class=\"gutentor-single-item gutentor-icon gutentor-single-item-2\"><div class=\"gutentor-single-item-wrap\"><div class=\"gutentor-single-item-icon-box\"><i class=\"far fa-life-ring\"><\/i><\/div><div class=\"gutentor-single-item-content\"><h4 class=\"gutentor-single-item-title\">Job management <\/h4><p class=\"gutentor-single-item-desc\">Getting hold of a good profile is a real challenge, so we identify the skills you are looking for by opting for humanization in the recruitment process.<\/p><\/div><\/div><\/div><\/div><\/div><\/div><\/section>\n\n\n\n<section id=\"section-9a40edbe-808f-4a77-a430-a39357388609\" class=\"wp-block-gutentor-testimonial gutentor-section gutentor-testimonial testimonial-template3 has-color-bg has-custom-bg text-left\"><div class=\"grid-container\"><div class=\"gutentor-block-header\"><div class=\"gutentor-section-title text-center\"><h2 class=\"gutentor-title\"> They trusted us<\/h2><\/div><\/div><div class=\"grid-row gutentor-grid-item-wrap\"><div class=\"gutentor-grid-column grid-lg-6 grid-md-12 grid-12\"><div class=\"gutentor-single-item gutentor-single-item-0\"><div class=\"gutentor-single-item-content\"><div class=\"gutentor-single-item-image-box\"><div class=\"gutentor-image-thumb\"><img loading=\"lazy\" decoding=\"async\" class=\"normal-image\" src=\"https:\/\/www.my2kconsulting.com\/wp-content\/uploads\/2022\/10\/Screenshot_20221006-142144_WhatsApp-2.jpg\" alt=\"Caprice Beauty hair logo\" height=\"226\" width=\"270\"\/><\/div><\/div><div class=\"gutentor-testimonial-content\"><div class=\"gutentor-testimonial-author\"><\/div><p class=\"gutentor-single-item-desc\">My2K Consulting m&rsquo;a accompagn\u00e9 pour la strat\u00e9gie commerciale. Accompagnement apport\u00e9 \u00e0 travers un coaching personnalis\u00e9 qui m&rsquo;a permis de d\u00e9velopper mes activit\u00e9s commerciales et d\u2019obtenir les r\u00e9sultats souhait\u00e9s. Je remercie Naomie KAMGA LILIE pour cet accompagnement.<\/p><\/div><\/div><\/div><\/div><div class=\"gutentor-grid-column grid-lg-6 grid-md-12 grid-12\"><div class=\"gutentor-single-item gutentor-single-item-1\"><div class=\"gutentor-single-item-content\"><div class=\"gutentor-single-item-image-box\"><div class=\"gutentor-image-thumb\"><img loading=\"lazy\" decoding=\"async\" class=\"normal-image\" src=\"https:\/\/www.my2kconsulting.com\/wp-content\/uploads\/2022\/10\/IMG-20221006-WA0017-1.jpg\" alt=\"Jeune et jolie logo\" height=\"269\" width=\"228\"\/><\/div><\/div><div class=\"gutentor-testimonial-content\"><div class=\"gutentor-testimonial-author\"><\/div><p class=\"gutentor-single-item-desc\">I contacted My2K Consulting for a need to develop the skills of my employees who needed to acquire skills such as: physical and telephone reception, technical<br>vente, la confiance en soi et la gestion des conflits. La formation apport\u00e9e par My2K Consulting \u00e9tait \u00e0 la hauteur de nos attentes.\u00a0 Aujourd\u2019hui, ils assument leur fonction avec beaucoup d&rsquo;aisance.<\/p><\/div><\/div><\/div><\/div><div class=\"gutentor-grid-column grid-lg-6 grid-md-12 grid-12\"><div class=\"gutentor-single-item gutentor-single-item-2\"><div class=\"gutentor-single-item-content\"><div class=\"gutentor-single-item-image-box\"><div class=\"gutentor-image-thumb\"><img loading=\"lazy\" decoding=\"async\" class=\"normal-image\" src=\"https:\/\/www.my2kconsulting.com\/wp-content\/uploads\/2022\/10\/logo-swecom-bon-1-1.png\" alt=\"Swecom logo\" height=\"105\" width=\"244\"\/><\/div><\/div><div class=\"gutentor-testimonial-content\"><div class=\"gutentor-testimonial-author\"><\/div><p class=\"gutentor-single-item-desc\"> SWECOM \u00e9tait heureux de collaborer avec My2k Consulting pour le recrutement et la mont\u00e9e en comp\u00e9tences de l&rsquo;\u00e9quipe dirigeante.\u00a0My2K Consulting a supervis\u00e9 l&rsquo;ensemble du processus de recrutement des nouveaux collaborateurs pour le lancement d&rsquo;une nouvelle gamme. Apr\u00e8s le recrutement, Madame LILIE KAMGA Naomie a con\u00e7u un dispositif de formation adapt\u00e9 aux responsables des sites pour le permettre d&rsquo;acqu\u00e9rir et ma\u00eetriser les diff\u00e9rentes strat\u00e9gies mises en place pour atteindre nos objectifs. Je remercie My2K Consulting pour son professionnalisme et son implication tout au long de notre collaboration.<\/p><\/div><\/div><\/div><\/div><div class=\"gutentor-grid-column grid-lg-6 grid-md-12 grid-12\"><div class=\"gutentor-single-item gutentor-single-item-3\"><div class=\"gutentor-single-item-content\"><div class=\"gutentor-single-item-image-box\"><div class=\"gutentor-image-thumb\"><img loading=\"lazy\" decoding=\"async\" class=\"normal-image\" src=\"https:\/\/www.my2kconsulting.com\/wp-content\/uploads\/2022\/10\/IMG-20221007-WA0029-1.jpg\" alt=\"Lena Bright Solution Logo\" height=\"100\" width=\"171\"\/><\/div><\/div><div class=\"gutentor-testimonial-content\"><div class=\"gutentor-testimonial-author\"><\/div><p class=\"gutentor-single-item-desc\">Thank you My2K Consulting for our collaboration. Working with a person who is passionate about his work and who cares about his client's satisfaction is a pleasure.<\/p><\/div><\/div><\/div><\/div><\/div><\/div><\/section>\n\n\n\n<section id=\"section-8c8de216-30f5-48c4-adb6-e68c3420c54d\" class=\"wp-block-gutentor-call-to-action gutentor-section  gutentor-calltoaction call-to-action-template3 has-image-bg has-custom-bg has-gutentor-overlay text-left\"><div class=\"grid-container\"><div class=\"gutentor-grid-item-wrap\"><div class=\"gutentor-single-item\"><div class=\"gutentor-single-item-content\"><h2 class=\"gutentor-single-item-title\">You want to use our services? <\/h2><div class=\"gutentor-single-item-desc\"><p class=\"gutentor-single-item-desc\">Nothing could be easier! Simply make an appointment with us. <br>We will then take stock of all your needs. <\/p><\/div><div class=\"gutentor-button-group\"><a class=\"gutentor-button gutentor-single-item-button gutentor-icon-hide\" href=\"#\" rel=\"https:\/\/www.my2kconsulting.com\/contact-us\/\"><i class=\"gutentor-button-icon fas fa-book\"><\/i><span>Contact us<\/span><\/a><\/div><\/div><\/div><\/div><\/div><\/section>\n\n\n<section class=\"gutentor-section gutentor-blog-post-wrapper blog-template1 wp-block-gutentor-blog-post  has-color-bg has-custom-bg\" id=\"section-a58d84fa-89e4-4977-8aec-d89e568fe61a\" >\n<div class='grid-container'><div class=\"gutentor-block-header\"><div class=\"gutentor-section-title  seperator-bottom text-center\"  >\n<h2 class=\"gutentor-title\">\nNews<\/h2>\n<\/div>\n<\/div><div class='gutentor-grid-item-wrap'  ><div class='grid-row' ><article class='gutentor-post-no-thumb  grid-md-4 grid-sm-4 grid-xs-12 blog-grid'><div class=\"gutentor-single-item\"><div class=\"gutentor-single-item-image-box\"><\/div><div class=\"gutentor-post-content\"><h4 class=\"gutentor-single-item-title\"><a href=\"https:\/\/www.my2kconsulting.com\/en\/bonjour-tout-le-monde\/\" rel=\"bookmark\">Bonjour tout le monde\u00a0!<\/a><\/h4><div class=\"entry-meta\"><div class=\"posted-on\"><i class=\"far fa-calendar-alt\"><\/i><a href=\"https:\/\/www.my2kconsulting.com\/en\/bonjour-tout-le-monde\/\" rel=\"bookmark\">September 6, 2022<\/a><\/div><\/div><div class=\"gutentor-post-excerpt gutentor-single-item-desc\"><p class='gutentor-single-item-desc'>Bienvenue sur WordPress. Ceci est votre premier article. Modifiez-le ou supprimez-le, puis commencez&hellip;<\/p><\/div><\/div><\/div><\/article><article class='gutentor-post-has-thumb  grid-md-4 grid-sm-4 grid-xs-12 blog-grid'><div class=\"gutentor-single-item\"><div class=\"gutentor-single-item-image-box\"><div class=\"gutentor-image-thumb\"><img loading=\"lazy\" decoding=\"async\" width=\"2160\" height=\"1440\" src=\"https:\/\/www.my2kconsulting.com\/wp-content\/uploads\/2019\/09\/after-work-american-bar-beard-bearded-blond-1452979-pxhere.com1_.jpg\" class=\"attachment- size- wp-post-image\" alt=\"\" srcset=\"https:\/\/www.my2kconsulting.com\/wp-content\/uploads\/2019\/09\/after-work-american-bar-beard-bearded-blond-1452979-pxhere.com1_.jpg 2160w, https:\/\/www.my2kconsulting.com\/wp-content\/uploads\/2019\/09\/after-work-american-bar-beard-bearded-blond-1452979-pxhere.com1_-300x200.jpg 300w, https:\/\/www.my2kconsulting.com\/wp-content\/uploads\/2019\/09\/after-work-american-bar-beard-bearded-blond-1452979-pxhere.com1_-1024x683.jpg 1024w, https:\/\/www.my2kconsulting.com\/wp-content\/uploads\/2019\/09\/after-work-american-bar-beard-bearded-blond-1452979-pxhere.com1_-768x512.jpg 768w, https:\/\/www.my2kconsulting.com\/wp-content\/uploads\/2019\/09\/after-work-american-bar-beard-bearded-blond-1452979-pxhere.com1_-1536x1024.jpg 1536w, https:\/\/www.my2kconsulting.com\/wp-content\/uploads\/2019\/09\/after-work-american-bar-beard-bearded-blond-1452979-pxhere.com1_-2048x1365.jpg 2048w\" sizes=\"auto, (max-width: 2160px) 100vw, 2160px\" \/><div class='overlay'><\/div><\/div><\/div><div class=\"gutentor-post-content\"><h4 class=\"gutentor-single-item-title\"><a href=\"https:\/\/www.my2kconsulting.com\/en\/pros-cons-of-business\/\" rel=\"bookmark\">Pros &#038; Cons of Business<\/a><\/h4><div class=\"entry-meta\"><div class=\"posted-on\"><i class=\"far fa-calendar-alt\"><\/i><a href=\"https:\/\/www.my2kconsulting.com\/en\/pros-cons-of-business\/\" rel=\"bookmark\">September 16, 2019<\/a><\/div><\/div><div class=\"gutentor-post-excerpt gutentor-single-item-desc\"><p class='gutentor-single-item-desc'>Lorem ipsum dolor sit amet, consectetur adipisicing elit, sed do eiusmod\n  tempor incididunt ut labo&hellip;<\/p><\/div><\/div><\/div><\/article><article class='gutentor-post-has-thumb  grid-md-4 grid-sm-4 grid-xs-12 blog-grid'><div class=\"gutentor-single-item\"><div class=\"gutentor-single-item-image-box\"><div class=\"gutentor-image-thumb\"><img loading=\"lazy\" decoding=\"async\" width=\"1920\" height=\"1281\" src=\"https:\/\/www.my2kconsulting.com\/wp-content\/uploads\/2019\/09\/agreement-2548138_1920.jpg\" class=\"attachment- size- wp-post-image\" alt=\"\" srcset=\"https:\/\/www.my2kconsulting.com\/wp-content\/uploads\/2019\/09\/agreement-2548138_1920.jpg 1920w, https:\/\/www.my2kconsulting.com\/wp-content\/uploads\/2019\/09\/agreement-2548138_1920-300x200.jpg 300w, https:\/\/www.my2kconsulting.com\/wp-content\/uploads\/2019\/09\/agreement-2548138_1920-1024x683.jpg 1024w, https:\/\/www.my2kconsulting.com\/wp-content\/uploads\/2019\/09\/agreement-2548138_1920-768x512.jpg 768w, https:\/\/www.my2kconsulting.com\/wp-content\/uploads\/2019\/09\/agreement-2548138_1920-1536x1025.jpg 1536w\" sizes=\"auto, (max-width: 1920px) 100vw, 1920px\" \/><div class='overlay'><\/div><\/div><\/div><div class=\"gutentor-post-content\"><h4 class=\"gutentor-single-item-title\"><a href=\"https:\/\/www.my2kconsulting.com\/en\/solve-all-your-problems\/\" rel=\"bookmark\">Solve All Your Problems<\/a><\/h4><div class=\"entry-meta\"><div class=\"posted-on\"><i class=\"far fa-calendar-alt\"><\/i><a href=\"https:\/\/www.my2kconsulting.com\/en\/solve-all-your-problems\/\" rel=\"bookmark\">September 16, 2019<\/a><\/div><\/div><div class=\"gutentor-post-excerpt gutentor-single-item-desc\"><p class='gutentor-single-item-desc'>Lorem ipsum dolor sit amet, consectetur adipisicing elit, sed do eiusmod\n  tempor incididunt ut labo&hellip;<\/p><\/div><\/div><\/div><\/article><\/div><\/div><\/div><\/section>","protected":false},"excerpt":{"rendered":"","protected":false},"author":1,"featured_media":0,"parent":0,"menu_order":0,"comment_status":"closed","ping_status":"closed","template":"template-gutentor-full-width.php","meta":{"footnotes":""},"class_list":["post-120","page","type-page","status-publish","hentry"],"yoast_head":"<!-- This site is optimized with the Yoast SEO plugin v27.4 - https:\/\/yoast.com\/product\/yoast-seo-wordpress\/ -->\n<title>Accueil - My2K Consulting<\/title>\n<meta name=\"description\" content=\"MY2K Consulting est une entreprise visant \u00e0 aider les particuliers et les entreprises via du coaching et de la formation.\" \/>\n<meta name=\"robots\" content=\"index, follow, max-snippet:-1, max-image-preview:large, max-video-preview:-1\" \/>\n<link rel=\"canonical\" href=\"https:\/\/www.my2kconsulting.com\/en\/\" \/>\n<meta property=\"og:locale\" content=\"en_US\" \/>\n<meta property=\"og:type\" content=\"article\" \/>\n<meta property=\"og:title\" content=\"Accueil - My2K Consulting\" \/>\n<meta property=\"og:description\" content=\"MY2K Consulting est une entreprise visant \u00e0 aider les particuliers et les entreprises via du coaching et de la formation.\" \/>\n<meta property=\"og:url\" content=\"https:\/\/www.my2kconsulting.com\/en\/\" \/>\n<meta property=\"og:site_name\" content=\"My2K Consulting\" \/>\n<meta property=\"article:modified_time\" content=\"2022-11-24T19:24:33+00:00\" \/>\n<meta property=\"og:image\" content=\"https:\/\/www.my2kconsulting.com\/wp-content\/uploads\/2022\/10\/IMG-20221003-WA0004-287x300.png\" \/>\n<meta name=\"twitter:card\" content=\"summary_large_image\" \/>\n<meta name=\"twitter:label1\" content=\"Est. reading time\" \/>\n\t<meta name=\"twitter:data1\" content=\"3 minutes\" \/>\n<script type=\"application\/ld+json\" class=\"yoast-schema-graph\">{\"@context\":\"https:\\\/\\\/schema.org\",\"@graph\":[{\"@type\":\"WebPage\",\"@id\":\"https:\\\/\\\/www.my2kconsulting.com\\\/\",\"url\":\"https:\\\/\\\/www.my2kconsulting.com\\\/\",\"name\":\"Accueil - My2K Consulting\",\"isPartOf\":{\"@id\":\"https:\\\/\\\/www.my2kconsulting.com\\\/#website\"},\"primaryImageOfPage\":{\"@id\":\"https:\\\/\\\/www.my2kconsulting.com\\\/#primaryimage\"},\"image\":{\"@id\":\"https:\\\/\\\/www.my2kconsulting.com\\\/#primaryimage\"},\"thumbnailUrl\":\"https:\\\/\\\/www.my2kconsulting.com\\\/wp-content\\\/uploads\\\/2022\\\/10\\\/IMG-20221003-WA0004-287x300.png\",\"datePublished\":\"2019-09-16T07:25:46+00:00\",\"dateModified\":\"2022-11-24T19:24:33+00:00\",\"description\":\"MY2K Consulting est une entreprise visant \u00e0 aider les particuliers et les entreprises via du coaching et de la formation.\",\"breadcrumb\":{\"@id\":\"https:\\\/\\\/www.my2kconsulting.com\\\/#breadcrumb\"},\"inLanguage\":\"en-US\",\"potentialAction\":[{\"@type\":\"ReadAction\",\"target\":[\"https:\\\/\\\/www.my2kconsulting.com\\\/\"]}]},{\"@type\":\"ImageObject\",\"inLanguage\":\"en-US\",\"@id\":\"https:\\\/\\\/www.my2kconsulting.com\\\/#primaryimage\",\"url\":\"https:\\\/\\\/www.my2kconsulting.com\\\/wp-content\\\/uploads\\\/2022\\\/10\\\/IMG-20221003-WA0004-287x300.png\",\"contentUrl\":\"https:\\\/\\\/www.my2kconsulting.com\\\/wp-content\\\/uploads\\\/2022\\\/10\\\/IMG-20221003-WA0004-287x300.png\"},{\"@type\":\"BreadcrumbList\",\"@id\":\"https:\\\/\\\/www.my2kconsulting.com\\\/#breadcrumb\",\"itemListElement\":[{\"@type\":\"ListItem\",\"position\":1,\"name\":\"Accueil\",\"item\":\"https:\\\/\\\/www.my2kconsulting.com\\\/\"},{\"@type\":\"ListItem\",\"position\":2,\"name\":\"Accueil\"}]},{\"@type\":\"WebSite\",\"@id\":\"https:\\\/\\\/www.my2kconsulting.com\\\/#website\",\"url\":\"https:\\\/\\\/www.my2kconsulting.com\\\/\",\"name\":\"My2K Consulting\",\"description\":\"Entreprises et particuliers\",\"publisher\":{\"@id\":\"https:\\\/\\\/www.my2kconsulting.com\\\/#organization\"},\"potentialAction\":[{\"@type\":\"SearchAction\",\"target\":{\"@type\":\"EntryPoint\",\"urlTemplate\":\"https:\\\/\\\/www.my2kconsulting.com\\\/?s={search_term_string}\"},\"query-input\":{\"@type\":\"PropertyValueSpecification\",\"valueRequired\":true,\"valueName\":\"search_term_string\"}}],\"inLanguage\":\"en-US\"},{\"@type\":\"Organization\",\"@id\":\"https:\\\/\\\/www.my2kconsulting.com\\\/#organization\",\"name\":\"My2K Consulting\",\"url\":\"https:\\\/\\\/www.my2kconsulting.com\\\/\",\"logo\":{\"@type\":\"ImageObject\",\"inLanguage\":\"en-US\",\"@id\":\"https:\\\/\\\/www.my2kconsulting.com\\\/#\\\/schema\\\/logo\\\/image\\\/\",\"url\":\"https:\\\/\\\/www.my2kconsulting.com\\\/wp-content\\\/uploads\\\/2022\\\/09\\\/cropped-logochoisi-1.png\",\"contentUrl\":\"https:\\\/\\\/www.my2kconsulting.com\\\/wp-content\\\/uploads\\\/2022\\\/09\\\/cropped-logochoisi-1.png\",\"width\":326,\"height\":99,\"caption\":\"My2K Consulting\"},\"image\":{\"@id\":\"https:\\\/\\\/www.my2kconsulting.com\\\/#\\\/schema\\\/logo\\\/image\\\/\"}}]}<\/script>\n<!-- \/ Yoast SEO plugin. -->","yoast_head_json":{"title":"Accueil - My2K Consulting","description":"MY2K Consulting est une entreprise visant \u00e0 aider les particuliers et les entreprises via du coaching et de la formation.","robots":{"index":"index","follow":"follow","max-snippet":"max-snippet:-1","max-image-preview":"max-image-preview:large","max-video-preview":"max-video-preview:-1"},"canonical":"https:\/\/www.my2kconsulting.com\/en\/","og_locale":"en_US","og_type":"article","og_title":"Accueil - My2K Consulting","og_description":"MY2K Consulting est une entreprise visant \u00e0 aider les particuliers et les entreprises via du coaching et de la formation.","og_url":"https:\/\/www.my2kconsulting.com\/en\/","og_site_name":"My2K Consulting","article_modified_time":"2022-11-24T19:24:33+00:00","og_image":[{"url":"https:\/\/www.my2kconsulting.com\/wp-content\/uploads\/2022\/10\/IMG-20221003-WA0004-287x300.png","type":"","width":"","height":""}],"twitter_card":"summary_large_image","twitter_misc":{"Est. reading time":"3 minutes"},"schema":{"@context":"https:\/\/schema.org","@graph":[{"@type":"WebPage","@id":"https:\/\/www.my2kconsulting.com\/","url":"https:\/\/www.my2kconsulting.com\/","name":"Accueil - My2K Consulting","isPartOf":{"@id":"https:\/\/www.my2kconsulting.com\/#website"},"primaryImageOfPage":{"@id":"https:\/\/www.my2kconsulting.com\/#primaryimage"},"image":{"@id":"https:\/\/www.my2kconsulting.com\/#primaryimage"},"thumbnailUrl":"https:\/\/www.my2kconsulting.com\/wp-content\/uploads\/2022\/10\/IMG-20221003-WA0004-287x300.png","datePublished":"2019-09-16T07:25:46+00:00","dateModified":"2022-11-24T19:24:33+00:00","description":"MY2K Consulting est une entreprise visant \u00e0 aider les particuliers et les entreprises via du coaching et de la formation.","breadcrumb":{"@id":"https:\/\/www.my2kconsulting.com\/#breadcrumb"},"inLanguage":"en-US","potentialAction":[{"@type":"ReadAction","target":["https:\/\/www.my2kconsulting.com\/"]}]},{"@type":"ImageObject","inLanguage":"en-US","@id":"https:\/\/www.my2kconsulting.com\/#primaryimage","url":"https:\/\/www.my2kconsulting.com\/wp-content\/uploads\/2022\/10\/IMG-20221003-WA0004-287x300.png","contentUrl":"https:\/\/www.my2kconsulting.com\/wp-content\/uploads\/2022\/10\/IMG-20221003-WA0004-287x300.png"},{"@type":"BreadcrumbList","@id":"https:\/\/www.my2kconsulting.com\/#breadcrumb","itemListElement":[{"@type":"ListItem","position":1,"name":"Accueil","item":"https:\/\/www.my2kconsulting.com\/"},{"@type":"ListItem","position":2,"name":"Accueil"}]},{"@type":"WebSite","@id":"https:\/\/www.my2kconsulting.com\/#website","url":"https:\/\/www.my2kconsulting.com\/","name":"My2K Consulting","description":"Entreprises et particuliers","publisher":{"@id":"https:\/\/www.my2kconsulting.com\/#organization"},"potentialAction":[{"@type":"SearchAction","target":{"@type":"EntryPoint","urlTemplate":"https:\/\/www.my2kconsulting.com\/?s={search_term_string}"},"query-input":{"@type":"PropertyValueSpecification","valueRequired":true,"valueName":"search_term_string"}}],"inLanguage":"en-US"},{"@type":"Organization","@id":"https:\/\/www.my2kconsulting.com\/#organization","name":"My2K Consulting","url":"https:\/\/www.my2kconsulting.com\/","logo":{"@type":"ImageObject","inLanguage":"en-US","@id":"https:\/\/www.my2kconsulting.com\/#\/schema\/logo\/image\/","url":"https:\/\/www.my2kconsulting.com\/wp-content\/uploads\/2022\/09\/cropped-logochoisi-1.png","contentUrl":"https:\/\/www.my2kconsulting.com\/wp-content\/uploads\/2022\/09\/cropped-logochoisi-1.png","width":326,"height":99,"caption":"My2K Consulting"},"image":{"@id":"https:\/\/www.my2kconsulting.com\/#\/schema\/logo\/image\/"}}]}},"_links":{"self":[{"href":"https:\/\/www.my2kconsulting.com\/en\/wp-json\/wp\/v2\/pages\/120","targetHints":{"allow":["GET"]}}],"collection":[{"href":"https:\/\/www.my2kconsulting.com\/en\/wp-json\/wp\/v2\/pages"}],"about":[{"href":"https:\/\/www.my2kconsulting.com\/en\/wp-json\/wp\/v2\/types\/page"}],"author":[{"embeddable":true,"href":"https:\/\/www.my2kconsulting.com\/en\/wp-json\/wp\/v2\/users\/1"}],"replies":[{"embeddable":true,"href":"https:\/\/www.my2kconsulting.com\/en\/wp-json\/wp\/v2\/comments?post=120"}],"version-history":[{"count":62,"href":"https:\/\/www.my2kconsulting.com\/en\/wp-json\/wp\/v2\/pages\/120\/revisions"}],"predecessor-version":[{"id":951,"href":"https:\/\/www.my2kconsulting.com\/en\/wp-json\/wp\/v2\/pages\/120\/revisions\/951"}],"wp:attachment":[{"href":"https:\/\/www.my2kconsulting.com\/en\/wp-json\/wp\/v2\/media?parent=120"}],"curies":[{"name":"wp","href":"https:\/\/api.w.org\/{rel}","templated":true}]}}