{"id":116,"date":"2019-09-17T05:47:39","date_gmt":"2019-09-17T03:47:39","guid":{"rendered":"https:\/\/www.demo.cosmoswp.com\/demo-1\/?page_id=244"},"modified":"2022-10-10T10:54:27","modified_gmt":"2022-10-10T08:54:27","slug":"a-propos","status":"publish","type":"page","link":"https:\/\/www.my2kconsulting.com\/en\/a-propos\/","title":{"rendered":"About"},"content":{"rendered":"<section id=\"section-0c11f562-b561-48d2-b78a-17a2a1df2b6b\" class=\"wp-block-gutentor-image-slider gutentor-section gutentor-image-slider imageSlider-template1 has-gutentor-block-shape-bottom text-left\"><div class=\"gutentor-grid-item-wrap\"><div class=\"gutentor-slider-wrapper\" data-dots=\"true\" data-arrows=\"true\" data-infinite=\"true\" data-nextarrow=\"fas fa-angle-right\" data-prevarrow=\"fas fa-angle-left\" data-autoplay=\"true\" data-autoplayspeed=\"5000\" data-fade=\"false\" data-speed=\"1500\"><div class=\"gutentor-slider-item\"><div class=\"gutentor-single-item gutentor-single-item-0\"><div class=\"gutentor-single-item-wrap\"><div class=\"gutentor-single-item-image-box\"><div class=\"gutentor-bg-image\"><div class=\"overlay\"><\/div><\/div><\/div><div class=\"gutentor-single-item-content\"><div class=\"grid-container\"><div class=\"slider-caption text-left\"><h2 class=\"gutentor-single-item-title\">Schedule an appointment<\/h2><p class=\"gutentor-single-item-desc\">Would you like to make an appointment? <br>The first consultation is free, lasting 1 hour! <br>So enjoy it! <\/p><a class=\"gutentor-button gutentor-single-item-button gutentor-icon-hide\" href=\"https:\/\/www.my2kconsulting.com\/en\/prendre-rendez-vous\/\"><i class=\"gutentor-button-icon fas fa-book\"><\/i><span>click here<\/span><\/a><\/div><\/div><\/div><\/div><\/div><\/div><div class=\"gutentor-slider-item\"><div class=\"gutentor-single-item gutentor-single-item-1\"><div class=\"gutentor-single-item-wrap\"><div class=\"gutentor-single-item-image-box\"><div class=\"gutentor-bg-image\"><div class=\"overlay\"><\/div><\/div><\/div><div class=\"gutentor-single-item-content\"><div class=\"grid-container\"><div class=\"slider-caption text-left\"><h2 class=\"gutentor-single-item-title\">Your opinion is important to us!<\/h2><p class=\"gutentor-single-item-desc\">Don't hesitate to share your opinion with us!<\/p><a class=\"gutentor-button gutentor-single-item-button gutentor-icon-hide\" href=\"#\"><i class=\"gutentor-button-icon fas fa-book\"><\/i><span>click here <\/span><\/a><\/div><\/div><\/div><\/div><\/div><\/div><\/div><\/div><div class=\"gutentor-block-shape-bottom\"><span><svg xmlns=\"http:\/\/www.w3.org\/2000\/svg\" viewbox=\"0 0 1000 84.94\" preserveaspectratio=\"none\"><path d=\"M0,0V72.94c14.46,5.89,32.38,10.5,54.52.26,110.25-51,120.51,23.71,192.6-4.3,144.73-56.23,154.37,49.44,246.71,4.64C637,4.05,622.19,124.16,757.29,66.21c93-39.91,108.38,54.92,242.71-8.25V0Z\" style=\"fill-rule:evenodd;opacity:0.33\"><\/path><path d=\"M0,0V52.83c131.11,59.9,147-32.91,239.24,6.65,135.09,58,120.24-62.16,263.46,7.34,92.33,44.8,102-60.88,246.71-4.64,72.1,28,82.35-46.71,192.6,4.3,23.95,11.08,43,4.78,58-1.72V0Z\" style=\"fill-rule:evenodd;opacity:0.66\"><\/path><path d=\"M0,0V24.26c15.6,6.95,35.77,15.41,61.78,3.38,110.25-51,120.51,23.71,192.6-4.3C399.11-32.89,408.75,72.79,501.08,28,644.3-41.51,629.45,78.6,764.54,20.65,855.87-18.53,872.34,72.12,1000,15.7V0Z\" style=\"fill-rule:evenodd\"><\/path><\/svg><\/span><\/div><\/section>\n\n\n\n<h2 class=\"has-text-align-center has-luminous-vivid-orange-color has-text-color wp-block-heading\">Who am I ?<\/h2>\n\n\n\n<div class=\"wp-block-group\"><div class=\"wp-block-group__inner-container is-layout-flow wp-block-group-is-layout-flow\">\n<section id=\"gm41338d7\" class=\"wp-block-gutentor-m4 section-gm41338d7 gutentor-module gutentor-advanced-columns\"><div class=\"grid-container\"><div class=\"grid-row\">\n<div id=\"col-gmf366f6\" class=\"wp-block-gutentor-m4-col col-gmf366f6 gutentor-single-column  grid-lg-12 grid-md-12 grid-12\"><div id=\"section-gmf366f6\" class=\"section-gmf366f6 gutentor-col-wrap\">\n<div class=\"wp-block-group\"><div class=\"wp-block-group__inner-container is-layout-flow wp-block-group-is-layout-flow\">\n<div id=\"section-g522c74\" class=\"wp-block-gutentor-e0 section-g522c74 gutentor-element gutentor-element-advanced-text text-align-justify-desktop\"><div class=\"gutentor-text-wrap\"><p class=\"gutentor-text\">J\u2019ai longtemps \u00e9volu\u00e9, avec passion, dans le domaine du commerce international. En parall\u00e8le, j\u2019ai choisi de poursuivre mes \u00e9tudes. Apr\u00e8s mon master 1 responsable ressources humaines, je d\u00e9cide de m\u2019orienter dans le domaine de l\u2019insertion professionnelle. Il \u00e9tait important pour moi d\u2019exercer un emploi o\u00f9 je pouvais m\u2019investir humainement aupr\u00e8s des personnes tout en m\u2019\u00e9panouissant. Car, lorsqu\u2019on donne, on re\u00e7oit. L\u2019insertion professionnelle \u00e9tait donc une \u00e9vidence, je pouvais accompagner, guider et orienter les personnes pour qu\u2019ils trouvent leurs voies et surtout, pour leur \u00e9panouissement professionnel et personnel. La gestion des emplois et des comp\u00e9tences m\u2019a toujours passionn\u00e9e et dans une perspective d\u2019\u00e9volution professionnelle, je reprends mes \u00e9tudes et j\u2019obtiens un master 2 pratiques de l\u2019ing\u00e9nierie de la formation. En parall\u00e8le, j\u2019ai suivi une formation de coach en d\u00e9veloppement professionnel. Aujourd\u2019hui, je suis aussi coach certifi\u00e9 en d\u00e9veloppement personnel. Je suis passionn\u00e9e par l\u2019accompagnement, la communication, l\u2019\u00e9volution professionnelle et personnelle, la mont\u00e9e en comp\u00e9tences, la gestion des emplois et carri\u00e8res.<\/p><\/div><\/div>\n<\/div><\/div>\n<\/div><\/div>\n<\/div><\/div><\/section>\n<\/div><\/div>\n\n\n\n<section id=\"gmbb889cd\" class=\"wp-block-gutentor-m4 section-gmbb889cd gutentor-module gutentor-advanced-columns gutentor-equal-column-height\"><div class=\"grid-container\"><div class=\"grid-row\">\n<div id=\"col-gm992339\" class=\"wp-block-gutentor-m4-col col-gm992339 gutentor-single-column  grid-lg-8 grid-md-12 grid-12\"><div id=\"section-gm992339\" class=\"section-gm992339 gutentor-col-wrap\">\n<div id=\"section-g9daddc\" class=\"wp-block-gutentor-e0 section-g9daddc gutentor-element gutentor-element-advanced-text text-align-justify-desktop\"><div class=\"gutentor-text-wrap\"><p class=\"gutentor-text\"><br>Au quotidien, j\u2019accompagne les personnes dans diverses situations de leur vie personnelle et\/ou professionnelle. Dans le cadre de ma pratique, je travaille avec diff\u00e9rentes techniques de coaching dont la PNL et j\u2019utilise une approche qui vise \u00e0 faciliter une bonne connaissance de soi en mobilisant l\u2019\u00e9coute active. La pratique de mon m\u00e9tier se fait dans le respect du code d\u00e9ontologique de la profession. J\u2019accompagne, les particuliers et professionnels pour permettre \u00e0 chacun d\u2019identifier et prendre conscience de ses forces et d\u2019\u00eatre capable de les mobiliser dans un objectif de bien-\u00eatre et de performance. Je serai heureuse de vous aider dans votre d\u00e9veloppement personnel et\/ou professionnel.<br><\/p><\/div><\/div>\n<\/div><\/div>\n\n\n\n<div id=\"col-gmb97b35\" class=\"wp-block-gutentor-m4-col col-gmb97b35 gutentor-single-column  grid-lg-4 grid-md-12 grid-12\"><div id=\"section-gmb97b35\" class=\"section-gmb97b35 gutentor-col-wrap\">\n<div id=\"section-gbfaf1c\" class=\"wp-block-gutentor-e6 section-gbfaf1c gutentor-element gutentor-element-image\"><div class=\"gutentor-element-image-box\"><div class=\"gutentor-image-thumb\"><img decoding=\"async\" class=\"normal-image\" src=\"https:\/\/www.my2kconsulting.com\/wp-content\/uploads\/2022\/10\/IMG-20221003-WA0004-287x300.png\" alt=\"Naomie Lilie Kamga\"\/><\/div><\/div><\/div>\n<\/div><\/div>\n<\/div><\/div><\/section>\n\n\n\n<section id=\"gm0d65497\" class=\"wp-block-gutentor-m4 section-gm0d65497 gutentor-module gutentor-advanced-columns\"><div class=\"grid-container\"><div class=\"grid-row\">\n<div id=\"col-gm749d29\" class=\"wp-block-gutentor-m4-col col-gm749d29 gutentor-single-column  grid-lg-12 grid-md-12 grid-12\"><div id=\"section-gm749d29\" class=\"section-gm749d29 gutentor-col-wrap\">\n<div id=\"section-gf77b3a\" class=\"wp-block-gutentor-e1 section-gf77b3a gutentor-element gutentor-element-advanced-text text-align-justify-desktop\"><div class=\"gutentor-text-wrap\"><p class=\"gutentor-text\"><br>Par ailleurs, l\u2019obtention de mon Master 2 Pratiques de l\u2019ing\u00e9nierie de la formation me permet d\u2019aujourd\u2019hui d\u2019assurer une ing\u00e9nierie de formation et des comp\u00e9tences aupr\u00e8s des particuliers et entreprises. Investir dans la mont\u00e9e en comp\u00e9tences pour soi, pour son \u00e9quipe, est un gage de<br>prosp\u00e9rit\u00e9 pour soi et son entreprise. Pour r\u00e9pondre \u00e0 votre demande, nous appliquons les fondamentaux de l\u2019ing\u00e9nierie de formation, de l\u2019analyse du besoin au cahier des charges pour la conception de vos dispositifs de formation. En fonction de vos objectifs et besoins, MY2K<br>Consulting assure la mont\u00e9e en comp\u00e9tences par la formation personnalis\u00e9e individuelle et\/ou en groupe.<br><\/p><\/div><\/div>\n<\/div><\/div>\n<\/div><\/div><\/section>\n\n\n\n<div style=\"height:100px\" aria-hidden=\"true\" class=\"wp-block-spacer\"><\/div>\n\n\n\n<section id=\"section-7e0306a9-6ab3-4ba0-8e19-d3077e38a365\" class=\"wp-block-gutentor-call-to-action gutentor-section  gutentor-calltoaction call-to-action-template3 has-image-bg has-custom-bg has-gutentor-overlay\"><div class=\"grid-container\"><div class=\"gutentor-grid-item-wrap\"><div class=\"gutentor-single-item\"><div class=\"gutentor-single-item-content\"><h2 class=\"gutentor-single-item-title\"> You want to use our services? <\/h2><div class=\"gutentor-single-item-desc\"><p class=\"gutentor-single-item-desc\">Rien de plus simple ! Prenez simplement un rendez-vous avec nous. <br>We will then take stock of all your needs. <\/p><\/div><div class=\"gutentor-button-group\"><a class=\"gutentor-button gutentor-single-item-button gutentor-icon-hide\" href=\"#\"><i class=\"gutentor-button-icon fas fa-book\"><\/i><span>Contact us<\/span><\/a><\/div><\/div><\/div><\/div><\/div><\/section>","protected":false},"excerpt":{"rendered":"<p>Who am I ?<\/p>","protected":false},"author":1,"featured_media":0,"parent":0,"menu_order":0,"comment_status":"closed","ping_status":"closed","template":"template-gutentor-full-width.php","meta":{"footnotes":""},"class_list":["post-116","page","type-page","status-publish","hentry"],"yoast_head":"<!-- This site is optimized with the Yoast SEO plugin v27.4 - https:\/\/yoast.com\/product\/yoast-seo-wordpress\/ -->\n<title>A propos - My2K Consulting<\/title>\n<meta name=\"description\" content=\"Qui est Naomie Lilie Kamga et pourquoi peut-elle vous aider \u00e0 vous \u00e9panouir professionnellement et personnellement ?\" \/>\n<meta name=\"robots\" content=\"index, follow, max-snippet:-1, max-image-preview:large, max-video-preview:-1\" \/>\n<link rel=\"canonical\" href=\"https:\/\/www.my2kconsulting.com\/en\/a-propos\/\" \/>\n<meta property=\"og:locale\" content=\"en_US\" \/>\n<meta property=\"og:type\" content=\"article\" \/>\n<meta property=\"og:title\" content=\"A propos - My2K Consulting\" \/>\n<meta property=\"og:description\" content=\"Qui est Naomie Lilie Kamga et pourquoi peut-elle vous aider \u00e0 vous \u00e9panouir professionnellement et personnellement ?\" \/>\n<meta property=\"og:url\" content=\"https:\/\/www.my2kconsulting.com\/en\/a-propos\/\" \/>\n<meta property=\"og:site_name\" content=\"My2K Consulting\" \/>\n<meta property=\"article:modified_time\" content=\"2022-10-10T08:54:27+00:00\" \/>\n<meta property=\"og:image\" content=\"https:\/\/www.my2kconsulting.com\/wp-content\/uploads\/2022\/10\/IMG-20221003-WA0004-287x300.png\" \/>\n<meta name=\"twitter:card\" content=\"summary_large_image\" \/>\n<meta name=\"twitter:label1\" content=\"Est. reading time\" \/>\n\t<meta name=\"twitter:data1\" content=\"3 minutes\" \/>\n<script type=\"application\/ld+json\" class=\"yoast-schema-graph\">{\"@context\":\"https:\\\/\\\/schema.org\",\"@graph\":[{\"@type\":\"WebPage\",\"@id\":\"https:\\\/\\\/www.my2kconsulting.com\\\/a-propos\\\/\",\"url\":\"https:\\\/\\\/www.my2kconsulting.com\\\/a-propos\\\/\",\"name\":\"A propos - My2K Consulting\",\"isPartOf\":{\"@id\":\"https:\\\/\\\/www.my2kconsulting.com\\\/#website\"},\"primaryImageOfPage\":{\"@id\":\"https:\\\/\\\/www.my2kconsulting.com\\\/a-propos\\\/#primaryimage\"},\"image\":{\"@id\":\"https:\\\/\\\/www.my2kconsulting.com\\\/a-propos\\\/#primaryimage\"},\"thumbnailUrl\":\"https:\\\/\\\/www.my2kconsulting.com\\\/wp-content\\\/uploads\\\/2022\\\/10\\\/IMG-20221003-WA0004-287x300.png\",\"datePublished\":\"2019-09-17T03:47:39+00:00\",\"dateModified\":\"2022-10-10T08:54:27+00:00\",\"description\":\"Qui est Naomie Lilie Kamga et pourquoi peut-elle vous aider \u00e0 vous \u00e9panouir professionnellement et personnellement ?\",\"breadcrumb\":{\"@id\":\"https:\\\/\\\/www.my2kconsulting.com\\\/a-propos\\\/#breadcrumb\"},\"inLanguage\":\"en-US\",\"potentialAction\":[{\"@type\":\"ReadAction\",\"target\":[\"https:\\\/\\\/www.my2kconsulting.com\\\/a-propos\\\/\"]}]},{\"@type\":\"ImageObject\",\"inLanguage\":\"en-US\",\"@id\":\"https:\\\/\\\/www.my2kconsulting.com\\\/a-propos\\\/#primaryimage\",\"url\":\"https:\\\/\\\/www.my2kconsulting.com\\\/wp-content\\\/uploads\\\/2022\\\/10\\\/IMG-20221003-WA0004-287x300.png\",\"contentUrl\":\"https:\\\/\\\/www.my2kconsulting.com\\\/wp-content\\\/uploads\\\/2022\\\/10\\\/IMG-20221003-WA0004-287x300.png\"},{\"@type\":\"BreadcrumbList\",\"@id\":\"https:\\\/\\\/www.my2kconsulting.com\\\/a-propos\\\/#breadcrumb\",\"itemListElement\":[{\"@type\":\"ListItem\",\"position\":1,\"name\":\"Accueil\",\"item\":\"https:\\\/\\\/www.my2kconsulting.com\\\/\"},{\"@type\":\"ListItem\",\"position\":2,\"name\":\"A propos\"}]},{\"@type\":\"WebSite\",\"@id\":\"https:\\\/\\\/www.my2kconsulting.com\\\/#website\",\"url\":\"https:\\\/\\\/www.my2kconsulting.com\\\/\",\"name\":\"My2K Consulting\",\"description\":\"Entreprises et particuliers\",\"publisher\":{\"@id\":\"https:\\\/\\\/www.my2kconsulting.com\\\/#organization\"},\"potentialAction\":[{\"@type\":\"SearchAction\",\"target\":{\"@type\":\"EntryPoint\",\"urlTemplate\":\"https:\\\/\\\/www.my2kconsulting.com\\\/?s={search_term_string}\"},\"query-input\":{\"@type\":\"PropertyValueSpecification\",\"valueRequired\":true,\"valueName\":\"search_term_string\"}}],\"inLanguage\":\"en-US\"},{\"@type\":\"Organization\",\"@id\":\"https:\\\/\\\/www.my2kconsulting.com\\\/#organization\",\"name\":\"My2K Consulting\",\"url\":\"https:\\\/\\\/www.my2kconsulting.com\\\/\",\"logo\":{\"@type\":\"ImageObject\",\"inLanguage\":\"en-US\",\"@id\":\"https:\\\/\\\/www.my2kconsulting.com\\\/#\\\/schema\\\/logo\\\/image\\\/\",\"url\":\"https:\\\/\\\/www.my2kconsulting.com\\\/wp-content\\\/uploads\\\/2022\\\/09\\\/cropped-logochoisi-1.png\",\"contentUrl\":\"https:\\\/\\\/www.my2kconsulting.com\\\/wp-content\\\/uploads\\\/2022\\\/09\\\/cropped-logochoisi-1.png\",\"width\":326,\"height\":99,\"caption\":\"My2K Consulting\"},\"image\":{\"@id\":\"https:\\\/\\\/www.my2kconsulting.com\\\/#\\\/schema\\\/logo\\\/image\\\/\"}}]}<\/script>\n<!-- \/ Yoast SEO plugin. -->","yoast_head_json":{"title":"A propos - My2K Consulting","description":"Qui est Naomie Lilie Kamga et pourquoi peut-elle vous aider \u00e0 vous \u00e9panouir professionnellement et personnellement ?","robots":{"index":"index","follow":"follow","max-snippet":"max-snippet:-1","max-image-preview":"max-image-preview:large","max-video-preview":"max-video-preview:-1"},"canonical":"https:\/\/www.my2kconsulting.com\/en\/a-propos\/","og_locale":"en_US","og_type":"article","og_title":"A propos - My2K Consulting","og_description":"Qui est Naomie Lilie Kamga et pourquoi peut-elle vous aider \u00e0 vous \u00e9panouir professionnellement et personnellement ?","og_url":"https:\/\/www.my2kconsulting.com\/en\/a-propos\/","og_site_name":"My2K Consulting","article_modified_time":"2022-10-10T08:54:27+00:00","og_image":[{"url":"https:\/\/www.my2kconsulting.com\/wp-content\/uploads\/2022\/10\/IMG-20221003-WA0004-287x300.png","type":"","width":"","height":""}],"twitter_card":"summary_large_image","twitter_misc":{"Est. reading time":"3 minutes"},"schema":{"@context":"https:\/\/schema.org","@graph":[{"@type":"WebPage","@id":"https:\/\/www.my2kconsulting.com\/a-propos\/","url":"https:\/\/www.my2kconsulting.com\/a-propos\/","name":"A propos - My2K Consulting","isPartOf":{"@id":"https:\/\/www.my2kconsulting.com\/#website"},"primaryImageOfPage":{"@id":"https:\/\/www.my2kconsulting.com\/a-propos\/#primaryimage"},"image":{"@id":"https:\/\/www.my2kconsulting.com\/a-propos\/#primaryimage"},"thumbnailUrl":"https:\/\/www.my2kconsulting.com\/wp-content\/uploads\/2022\/10\/IMG-20221003-WA0004-287x300.png","datePublished":"2019-09-17T03:47:39+00:00","dateModified":"2022-10-10T08:54:27+00:00","description":"Qui est Naomie Lilie Kamga et pourquoi peut-elle vous aider \u00e0 vous \u00e9panouir professionnellement et personnellement ?","breadcrumb":{"@id":"https:\/\/www.my2kconsulting.com\/a-propos\/#breadcrumb"},"inLanguage":"en-US","potentialAction":[{"@type":"ReadAction","target":["https:\/\/www.my2kconsulting.com\/a-propos\/"]}]},{"@type":"ImageObject","inLanguage":"en-US","@id":"https:\/\/www.my2kconsulting.com\/a-propos\/#primaryimage","url":"https:\/\/www.my2kconsulting.com\/wp-content\/uploads\/2022\/10\/IMG-20221003-WA0004-287x300.png","contentUrl":"https:\/\/www.my2kconsulting.com\/wp-content\/uploads\/2022\/10\/IMG-20221003-WA0004-287x300.png"},{"@type":"BreadcrumbList","@id":"https:\/\/www.my2kconsulting.com\/a-propos\/#breadcrumb","itemListElement":[{"@type":"ListItem","position":1,"name":"Accueil","item":"https:\/\/www.my2kconsulting.com\/"},{"@type":"ListItem","position":2,"name":"A propos"}]},{"@type":"WebSite","@id":"https:\/\/www.my2kconsulting.com\/#website","url":"https:\/\/www.my2kconsulting.com\/","name":"My2K Consulting","description":"Entreprises et particuliers","publisher":{"@id":"https:\/\/www.my2kconsulting.com\/#organization"},"potentialAction":[{"@type":"SearchAction","target":{"@type":"EntryPoint","urlTemplate":"https:\/\/www.my2kconsulting.com\/?s={search_term_string}"},"query-input":{"@type":"PropertyValueSpecification","valueRequired":true,"valueName":"search_term_string"}}],"inLanguage":"en-US"},{"@type":"Organization","@id":"https:\/\/www.my2kconsulting.com\/#organization","name":"My2K Consulting","url":"https:\/\/www.my2kconsulting.com\/","logo":{"@type":"ImageObject","inLanguage":"en-US","@id":"https:\/\/www.my2kconsulting.com\/#\/schema\/logo\/image\/","url":"https:\/\/www.my2kconsulting.com\/wp-content\/uploads\/2022\/09\/cropped-logochoisi-1.png","contentUrl":"https:\/\/www.my2kconsulting.com\/wp-content\/uploads\/2022\/09\/cropped-logochoisi-1.png","width":326,"height":99,"caption":"My2K Consulting"},"image":{"@id":"https:\/\/www.my2kconsulting.com\/#\/schema\/logo\/image\/"}}]}},"_links":{"self":[{"href":"https:\/\/www.my2kconsulting.com\/en\/wp-json\/wp\/v2\/pages\/116","targetHints":{"allow":["GET"]}}],"collection":[{"href":"https:\/\/www.my2kconsulting.com\/en\/wp-json\/wp\/v2\/pages"}],"about":[{"href":"https:\/\/www.my2kconsulting.com\/en\/wp-json\/wp\/v2\/types\/page"}],"author":[{"embeddable":true,"href":"https:\/\/www.my2kconsulting.com\/en\/wp-json\/wp\/v2\/users\/1"}],"replies":[{"embeddable":true,"href":"https:\/\/www.my2kconsulting.com\/en\/wp-json\/wp\/v2\/comments?post=116"}],"version-history":[{"count":57,"href":"https:\/\/www.my2kconsulting.com\/en\/wp-json\/wp\/v2\/pages\/116\/revisions"}],"predecessor-version":[{"id":852,"href":"https:\/\/www.my2kconsulting.com\/en\/wp-json\/wp\/v2\/pages\/116\/revisions\/852"}],"wp:attachment":[{"href":"https:\/\/www.my2kconsulting.com\/en\/wp-json\/wp\/v2\/media?parent=116"}],"curies":[{"name":"wp","href":"https:\/\/api.w.org\/{rel}","templated":true}]}}