{"id":106,"date":"2019-09-17T11:04:42","date_gmt":"2019-09-17T09:04:42","guid":{"rendered":"https:\/\/www.demo.cosmoswp.com\/demo-1\/?page_id=302"},"modified":"2022-10-10T10:29:54","modified_gmt":"2022-10-10T08:29:54","slug":"mentions-legales","status":"publish","type":"page","link":"https:\/\/www.my2kconsulting.com\/en\/mentions-legales\/","title":{"rendered":"Terms of use"},"content":{"rendered":"<section id=\"section-dd79771c-7e4d-4c41-bc4e-48b3a6b3ea2d\" class=\"wp-block-gutentor-advanced-columns gutentor-section gutentor-advanced-columns\"><div class=\"grid-container\"><div class=\"grid-row\">\n<section id=\"section-667f1f71-9fd0-4613-9f39-7ab55d13ff60\" class=\"wp-block-gutentor-single-column gutentor-single-column  grid-lg-12 grid-md-12 grid-12\">\n<h4 class=\"wp-block-heading\" id=\"licensing\">Qui sommes-nous&nbsp;?<\/h4>\n\n\n\n<p>En vertu de l\u2019article 6 de la loi n\u00b0 2004-575 du 21 juin 2004 pour la confiance dans l\u2019\u00e9conomie num\u00e9rique, il est pr\u00e9cis\u00e9 aux utilisateurs du site&nbsp;https:\/\/www.my2kconsulting.com\/&nbsp;l\u2019identit\u00e9 des diff\u00e9rents intervenants dans le cadre de sa r\u00e9alisation et de son suivi :<\/p>\n\n\n\n<p><strong>Propri\u00e9taire<\/strong>\u00a0: MY2K Consulting<br><strong>Cr\u00e9ateur<\/strong>\u00a0: Naomie Lilie<br><strong>Responsable publication<\/strong>\u00a0: Naomie Lilie \u2013 contact@my2kconsulting.fr<br><strong>H\u00e9bergeur<\/strong>\u00a0: OVH<br><strong>Cr\u00e9dits<\/strong>\u00a0: Naomie Lilie<\/p>\n\n\n\n<p><strong>Num\u00e9ro de siret <\/strong>: 51513127400026<\/p>\n\n\n\n<h4 class=\"wp-block-heading\" id=\"software-updates\">Conditions g\u00e9n\u00e9rales d\u2019utilisation du site et des services propos\u00e9s.<\/h4>\n\n\n\n<p>L\u2019utilisation du site\u00a0https:\/\/www.my2kconsulting.com\/\u00a0implique l\u2019acceptation pleine et enti\u00e8re des conditions g\u00e9n\u00e9rales d\u2019utilisation ci-apr\u00e8s d\u00e9crites. Ces conditions d\u2019utilisation sont susceptibles d\u2019\u00eatre modifi\u00e9es ou compl\u00e9t\u00e9es \u00e0 tout moment, les utilisateurs du site sont donc invit\u00e9s \u00e0 les consulter de mani\u00e8re r\u00e9guli\u00e8re.<\/p>\n\n\n\n<p>Ce site est normalement accessible \u00e0 tout moment aux utilisateurs. Une interruption pour raison de maintenance technique peut \u00eatre toutefois d\u00e9cid\u00e9e par MY2K Consulting, qui s\u2019efforcera alors de communiquer pr\u00e9alablement aux utilisateurs les dates et heures de l\u2019intervention.<\/p>\n\n\n\n<p>Le site est mis \u00e0 jour r\u00e9guli\u00e8rement par MY2K Consulting. De la m\u00eame fa\u00e7on, les mentions l\u00e9gales peuvent \u00eatre modifi\u00e9es \u00e0 tout moment : elles s\u2019imposent n\u00e9anmoins \u00e0 l\u2019utilisateur qui est invit\u00e9 \u00e0 s\u2019y r\u00e9f\u00e9rer le plus souvent possible afin d\u2019en prendre connaissance.<\/p>\n\n\n\n<h4 class=\"wp-block-heading\" id=\"support-services\">Gestion des donn\u00e9es personnelles.<\/h4>\n\n\n\n<p>En France, les donn\u00e9es personnelles sont notamment prot\u00e9g\u00e9es par la loi n\u00b0 78-87 du 6 janvier 1978, la loi n\u00b0 2004-801 du 6 ao\u00fbt 2004, l\u2019article L. 226-13 du Code p\u00e9nal et la Directive Europ\u00e9enne du 24 octobre 1995.<\/p>\n\n\n\n<p>A l\u2019occasion de l\u2019utilisation du site https:\/\/www.my2kconsulting.com\/, peuvent \u00eatres recueillies : l\u2019URL des liens par l\u2019interm\u00e9diaire desquels l\u2019utilisateur a acc\u00e9d\u00e9 au site, le fournisseur d\u2019acc\u00e8s de l\u2019utilisateur, l\u2019adresse de protocole Internet (IP) de l\u2019utilisateur.<\/p>\n\n\n\n<p>En tout \u00e9tat de cause&nbsp;MY2K Consulting&nbsp;ne collecte des informations personnelles relatives \u00e0 l\u2019utilisateur que pour le besoin de certains services propos\u00e9s par le site. L\u2019utilisateur fournit ces informations en toute connaissance de cause, notamment lorsqu\u2019il proc\u00e8de par lui-m\u00eame \u00e0 leur saisie. Il est alors pr\u00e9cis\u00e9 \u00e0 l\u2019utilisateur du site l\u2019obligation ou non de fournir ces informations.<\/p>\n\n\n\n<p>Conform\u00e9ment aux dispositions des articles 38 et suivants de la loi 78-17 du 6 janvier 1978 relative \u00e0 l\u2019informatique, aux fichiers et aux libert\u00e9s, tout utilisateur dispose d\u2019un droit d\u2019acc\u00e8s, de rectification et d\u2019opposition aux donn\u00e9es personnelles le concernant, en effectuant sa demande \u00e9crite et sign\u00e9e, accompagn\u00e9e d\u2019une copie du titre d\u2019identit\u00e9 avec signature du titulaire de la pi\u00e8ce, en pr\u00e9cisant l\u2019adresse \u00e0 laquelle la r\u00e9ponse doit \u00eatre envoy\u00e9e.<\/p>\n\n\n\n<p>Aucune information personnelle de l\u2019utilisateur du site n\u2019est publi\u00e9e \u00e0 l\u2019insu de l\u2019utilisateur, \u00e9chang\u00e9e, transf\u00e9r\u00e9e, c\u00e9d\u00e9e ou vendue sur un support quelconque \u00e0 des tiers. Seule l\u2019hypoth\u00e8se du rachat de&nbsp;MY2K Consulting&nbsp;et de ses droits permettrait la transmission des dites informations \u00e0 l\u2019\u00e9ventuel acqu\u00e9reur qui serait \u00e0 son tour tenu de la m\u00eame obligation de conservation et de modification des donn\u00e9es vis \u00e0 vis de l\u2019utilisateur du site.<\/p>\n\n\n\n<p>Les bases de donn\u00e9es sont prot\u00e9g\u00e9es par les dispositions de la loi du 1er juillet 1998 transposant la directive 96\/9 du 11 mars 1996 relative \u00e0 la protection juridique des bases de donn\u00e9es.<\/p>\n\n\n\n<h4 class=\"wp-block-heading\" id=\"warranty\">Liens hypertextes et cookies.<\/h4>\n\n\n\n<p>Si vous laissez un commentaire, le commentaire et ses m\u00e9tadonn\u00e9es sont conserv\u00e9s ind\u00e9finiment. Cela permet de reconna\u00eetre et approuver automatiquement les commentaires suivants au lieu de les laisser dans la file de mod\u00e9ration.<\/p>\n\n\n\n<h4 class=\"wp-block-heading\" id=\"refunds\">Limitations contractuelles sur les donn\u00e9es techniques.<\/h4>\n\n\n\n<p>Le site Internet ne pourra \u00eatre tenu responsable de dommages mat\u00e9riels li\u00e9s \u00e0 l\u2019utilisation du site. De plus, l\u2019utilisateur du site s\u2019engage \u00e0 acc\u00e9der au site en utilisant un mat\u00e9riel r\u00e9cent, ne contenant pas de virus et avec un navigateur de derni\u00e8re g\u00e9n\u00e9ration mis-\u00e0-jour .<\/p>\n\n\n\n<div id=\"section-gbebe4a\" class=\"wp-block-gutentor-e0 section-gbebe4a gutentor-element gutentor-element-advanced-text\"><div class=\"gutentor-text-wrap\"><h4 class=\"gutentor-text\">Droit applicable et attribution de juridiction.<\/h4><\/div><\/div>\n\n\n\n<div id=\"section-g3c7f61\" class=\"wp-block-gutentor-e0 section-g3c7f61 gutentor-element gutentor-element-advanced-text\"><div class=\"gutentor-text-wrap\"><p class=\"gutentor-text\">Tout litige en relation avec l\u2019utilisation du site&nbsp;https:\/\/www.my2kconsulting.com\/&nbsp;est soumis au droit fran\u00e7ais. Il est fait attribution exclusive de juridiction aux tribunaux comp\u00e9tents de Paris.<\/p><\/div><\/div>\n<\/section>\n<\/div><\/div><\/section>","protected":false},"excerpt":{"rendered":"","protected":false},"author":1,"featured_media":0,"parent":0,"menu_order":0,"comment_status":"closed","ping_status":"closed","template":"","meta":{"footnotes":""},"class_list":["post-106","page","type-page","status-publish","hentry"],"yoast_head":"<!-- This site is optimized with the Yoast SEO plugin v27.4 - https:\/\/yoast.com\/product\/yoast-seo-wordpress\/ -->\n<title>Mentions l\u00e9gales - My2K Consulting<\/title>\n<meta name=\"robots\" content=\"index, follow, max-snippet:-1, max-image-preview:large, max-video-preview:-1\" \/>\n<link rel=\"canonical\" href=\"https:\/\/www.my2kconsulting.com\/en\/mentions-legales\/\" \/>\n<meta property=\"og:locale\" content=\"en_US\" \/>\n<meta property=\"og:type\" content=\"article\" \/>\n<meta property=\"og:title\" content=\"Mentions l\u00e9gales - My2K Consulting\" \/>\n<meta property=\"og:url\" content=\"https:\/\/www.my2kconsulting.com\/en\/mentions-legales\/\" \/>\n<meta property=\"og:site_name\" content=\"My2K Consulting\" \/>\n<meta property=\"article:modified_time\" content=\"2022-10-10T08:29:54+00:00\" \/>\n<meta name=\"twitter:card\" content=\"summary_large_image\" \/>\n<meta name=\"twitter:label1\" content=\"Est. reading time\" \/>\n\t<meta name=\"twitter:data1\" content=\"4 minutes\" \/>\n<script type=\"application\/ld+json\" class=\"yoast-schema-graph\">{\"@context\":\"https:\\\/\\\/schema.org\",\"@graph\":[{\"@type\":\"WebPage\",\"@id\":\"https:\\\/\\\/www.my2kconsulting.com\\\/mentions-legales\\\/\",\"url\":\"https:\\\/\\\/www.my2kconsulting.com\\\/mentions-legales\\\/\",\"name\":\"Mentions l\u00e9gales - My2K Consulting\",\"isPartOf\":{\"@id\":\"https:\\\/\\\/www.my2kconsulting.com\\\/#website\"},\"datePublished\":\"2019-09-17T09:04:42+00:00\",\"dateModified\":\"2022-10-10T08:29:54+00:00\",\"breadcrumb\":{\"@id\":\"https:\\\/\\\/www.my2kconsulting.com\\\/mentions-legales\\\/#breadcrumb\"},\"inLanguage\":\"en-US\",\"potentialAction\":[{\"@type\":\"ReadAction\",\"target\":[\"https:\\\/\\\/www.my2kconsulting.com\\\/mentions-legales\\\/\"]}]},{\"@type\":\"BreadcrumbList\",\"@id\":\"https:\\\/\\\/www.my2kconsulting.com\\\/mentions-legales\\\/#breadcrumb\",\"itemListElement\":[{\"@type\":\"ListItem\",\"position\":1,\"name\":\"Accueil\",\"item\":\"https:\\\/\\\/www.my2kconsulting.com\\\/\"},{\"@type\":\"ListItem\",\"position\":2,\"name\":\"Mentions l\u00e9gales\"}]},{\"@type\":\"WebSite\",\"@id\":\"https:\\\/\\\/www.my2kconsulting.com\\\/#website\",\"url\":\"https:\\\/\\\/www.my2kconsulting.com\\\/\",\"name\":\"My2K Consulting\",\"description\":\"Entreprises et particuliers\",\"publisher\":{\"@id\":\"https:\\\/\\\/www.my2kconsulting.com\\\/#organization\"},\"potentialAction\":[{\"@type\":\"SearchAction\",\"target\":{\"@type\":\"EntryPoint\",\"urlTemplate\":\"https:\\\/\\\/www.my2kconsulting.com\\\/?s={search_term_string}\"},\"query-input\":{\"@type\":\"PropertyValueSpecification\",\"valueRequired\":true,\"valueName\":\"search_term_string\"}}],\"inLanguage\":\"en-US\"},{\"@type\":\"Organization\",\"@id\":\"https:\\\/\\\/www.my2kconsulting.com\\\/#organization\",\"name\":\"My2K Consulting\",\"url\":\"https:\\\/\\\/www.my2kconsulting.com\\\/\",\"logo\":{\"@type\":\"ImageObject\",\"inLanguage\":\"en-US\",\"@id\":\"https:\\\/\\\/www.my2kconsulting.com\\\/#\\\/schema\\\/logo\\\/image\\\/\",\"url\":\"https:\\\/\\\/www.my2kconsulting.com\\\/wp-content\\\/uploads\\\/2022\\\/09\\\/cropped-logochoisi-1.png\",\"contentUrl\":\"https:\\\/\\\/www.my2kconsulting.com\\\/wp-content\\\/uploads\\\/2022\\\/09\\\/cropped-logochoisi-1.png\",\"width\":326,\"height\":99,\"caption\":\"My2K Consulting\"},\"image\":{\"@id\":\"https:\\\/\\\/www.my2kconsulting.com\\\/#\\\/schema\\\/logo\\\/image\\\/\"}}]}<\/script>\n<!-- \/ Yoast SEO plugin. -->","yoast_head_json":{"title":"Mentions l\u00e9gales - My2K Consulting","robots":{"index":"index","follow":"follow","max-snippet":"max-snippet:-1","max-image-preview":"max-image-preview:large","max-video-preview":"max-video-preview:-1"},"canonical":"https:\/\/www.my2kconsulting.com\/en\/mentions-legales\/","og_locale":"en_US","og_type":"article","og_title":"Mentions l\u00e9gales - My2K Consulting","og_url":"https:\/\/www.my2kconsulting.com\/en\/mentions-legales\/","og_site_name":"My2K Consulting","article_modified_time":"2022-10-10T08:29:54+00:00","twitter_card":"summary_large_image","twitter_misc":{"Est. reading time":"4 minutes"},"schema":{"@context":"https:\/\/schema.org","@graph":[{"@type":"WebPage","@id":"https:\/\/www.my2kconsulting.com\/mentions-legales\/","url":"https:\/\/www.my2kconsulting.com\/mentions-legales\/","name":"Mentions l\u00e9gales - My2K Consulting","isPartOf":{"@id":"https:\/\/www.my2kconsulting.com\/#website"},"datePublished":"2019-09-17T09:04:42+00:00","dateModified":"2022-10-10T08:29:54+00:00","breadcrumb":{"@id":"https:\/\/www.my2kconsulting.com\/mentions-legales\/#breadcrumb"},"inLanguage":"en-US","potentialAction":[{"@type":"ReadAction","target":["https:\/\/www.my2kconsulting.com\/mentions-legales\/"]}]},{"@type":"BreadcrumbList","@id":"https:\/\/www.my2kconsulting.com\/mentions-legales\/#breadcrumb","itemListElement":[{"@type":"ListItem","position":1,"name":"Accueil","item":"https:\/\/www.my2kconsulting.com\/"},{"@type":"ListItem","position":2,"name":"Mentions l\u00e9gales"}]},{"@type":"WebSite","@id":"https:\/\/www.my2kconsulting.com\/#website","url":"https:\/\/www.my2kconsulting.com\/","name":"My2K Consulting","description":"Entreprises et particuliers","publisher":{"@id":"https:\/\/www.my2kconsulting.com\/#organization"},"potentialAction":[{"@type":"SearchAction","target":{"@type":"EntryPoint","urlTemplate":"https:\/\/www.my2kconsulting.com\/?s={search_term_string}"},"query-input":{"@type":"PropertyValueSpecification","valueRequired":true,"valueName":"search_term_string"}}],"inLanguage":"en-US"},{"@type":"Organization","@id":"https:\/\/www.my2kconsulting.com\/#organization","name":"My2K Consulting","url":"https:\/\/www.my2kconsulting.com\/","logo":{"@type":"ImageObject","inLanguage":"en-US","@id":"https:\/\/www.my2kconsulting.com\/#\/schema\/logo\/image\/","url":"https:\/\/www.my2kconsulting.com\/wp-content\/uploads\/2022\/09\/cropped-logochoisi-1.png","contentUrl":"https:\/\/www.my2kconsulting.com\/wp-content\/uploads\/2022\/09\/cropped-logochoisi-1.png","width":326,"height":99,"caption":"My2K Consulting"},"image":{"@id":"https:\/\/www.my2kconsulting.com\/#\/schema\/logo\/image\/"}}]}},"_links":{"self":[{"href":"https:\/\/www.my2kconsulting.com\/en\/wp-json\/wp\/v2\/pages\/106","targetHints":{"allow":["GET"]}}],"collection":[{"href":"https:\/\/www.my2kconsulting.com\/en\/wp-json\/wp\/v2\/pages"}],"about":[{"href":"https:\/\/www.my2kconsulting.com\/en\/wp-json\/wp\/v2\/types\/page"}],"author":[{"embeddable":true,"href":"https:\/\/www.my2kconsulting.com\/en\/wp-json\/wp\/v2\/users\/1"}],"replies":[{"embeddable":true,"href":"https:\/\/www.my2kconsulting.com\/en\/wp-json\/wp\/v2\/comments?post=106"}],"version-history":[{"count":6,"href":"https:\/\/www.my2kconsulting.com\/en\/wp-json\/wp\/v2\/pages\/106\/revisions"}],"predecessor-version":[{"id":839,"href":"https:\/\/www.my2kconsulting.com\/en\/wp-json\/wp\/v2\/pages\/106\/revisions\/839"}],"wp:attachment":[{"href":"https:\/\/www.my2kconsulting.com\/en\/wp-json\/wp\/v2\/media?parent=106"}],"curies":[{"name":"wp","href":"https:\/\/api.w.org\/{rel}","templated":true}]}}